{"id":12357,"date":"2018-09-13T09:47:24","date_gmt":"2018-09-13T07:47:24","guid":{"rendered":"https:\/\/www.stelrad.shop\/product\/ensemble-panneaux-lateraux-pour-radiateurs-verticaux-stelrad-vertex\/"},"modified":"2018-09-13T09:47:24","modified_gmt":"2018-09-13T07:47:24","slug":"ensemble-panneaux-lateraux-pour-radiateurs-verticaux-stelrad-vertex","status":"publish","type":"product","link":"https:\/\/www.stelrad.shop\/be-fr\/product\/ensemble-panneaux-lateraux-pour-radiateurs-verticaux-stelrad-vertex\/","title":{"rendered":"Ensemble panneaux lat\u00e9raux pour radiateurs verticaux Stelrad Vertex"},"content":{"rendered":"<p>Ensemble panneaux lat\u00e9raux pour radiateurs verticaux Stelrad Vertex en Stelrad blanc 9016. \u00c0 utiliser avec Vertex, Vertex Plan, Vertex Style et Vertical Galva.<\/p>\n<p>&nbsp;<\/p>\n<h2>Attention:<\/h2>\n<h4>&#8211; Dans tous les cas, il y a une diff\u00e9rence de couleur avec des radiateurs install\u00e9s depuis longtemps<\/h4>\n","protected":false},"excerpt":{"rendered":"<p>Ensemble panneaux lat\u00e9raux pour radiateurs verticaux Stelrad Vertex.<\/p>\n","protected":false},"featured_media":3750,"template":"","meta":[],"product_brand":[],"product_cat":[1596,1625,1626,1627,1628],"product_tag":[],"media-category":[1144,1146,1149,1152],"class_list":{"0":"post-12357","1":"product","2":"type-product","3":"status-publish","4":"has-post-thumbnail","6":"product_cat-des-panneaux-lateraux-be-fr","7":"product_cat-vertex-seitenverkleidungen","8":"product_cat-vertex-plan-seitenverkleidungen","9":"product_cat-vertex-style-seitenverkleidungen","10":"product_cat-vertical-galva-seitenverkleidungen","11":"pa_bauhohe-1618","12":"pa_bauhohe-1619","13":"pa_bauhohe-1620","14":"pa_bauhohe-1621","15":"pa_typ-1622","16":"pa_typ-20-21","17":"pa_typ-1607","18":"media-category-vertex","19":"media-category-vertex-plan","20":"media-category-vertex-style","21":"media-category-vertical-galva","23":"first","24":"instock","25":"sale","26":"taxable","27":"shipping-taxable","28":"purchasable","29":"product-type-variable"},"yoast_head":"<!-- This site is optimized with the Yoast SEO plugin v26.8 - https:\/\/yoast.com\/product\/yoast-seo-wordpress\/ -->\n<title>Ensemble panneaux lat\u00e9raux pour radiateurs verticaux Stelrad Vertex |<\/title>\n<meta name=\"description\" content=\"Ensemble panneaux lat\u00e9raux pour radiateurs verticaux Stelrad Vertex. \u00c0 utiliser avec Vertex, Vertex Plan, Vertex Style et Vertical Galva.\" \/>\n<meta name=\"robots\" content=\"index, follow, max-snippet:-1, max-image-preview:large, max-video-preview:-1\" \/>\n<link rel=\"canonical\" href=\"https:\/\/www.stelrad.shop\/be-fr\/product\/ensemble-panneaux-lateraux-pour-radiateurs-verticaux-stelrad-vertex\/\" \/>\n<meta property=\"og:locale\" content=\"fr_FR\" \/>\n<meta property=\"og:type\" content=\"article\" \/>\n<meta property=\"og:title\" content=\"Ensemble panneaux lat\u00e9raux pour radiateurs verticaux Stelrad Vertex |\" \/>\n<meta property=\"og:description\" content=\"Ensemble panneaux lat\u00e9raux pour radiateurs verticaux Stelrad Vertex. \u00c0 utiliser avec Vertex, Vertex Plan, Vertex Style et Vertical Galva.\" \/>\n<meta property=\"og:url\" content=\"https:\/\/www.stelrad.shop\/be-fr\/product\/ensemble-panneaux-lateraux-pour-radiateurs-verticaux-stelrad-vertex\/\" \/>\n<meta property=\"og:site_name\" content=\"Stelrad Shop\" \/>\n<meta name=\"twitter:card\" content=\"summary_large_image\" \/>\n<script type=\"application\/ld+json\" class=\"yoast-schema-graph\">{\"@context\":\"https:\/\/schema.org\",\"@graph\":[{\"@type\":\"WebPage\",\"@id\":\"https:\/\/www.stelrad.shop\/be-fr\/product\/ensemble-panneaux-lateraux-pour-radiateurs-verticaux-stelrad-vertex\/\",\"url\":\"https:\/\/www.stelrad.shop\/be-fr\/product\/ensemble-panneaux-lateraux-pour-radiateurs-verticaux-stelrad-vertex\/\",\"name\":\"Ensemble panneaux lat\u00e9raux pour radiateurs verticaux Stelrad Vertex |\",\"isPartOf\":{\"@id\":\"https:\/\/www.stelrad.shop\/be-fr\/#website\"},\"primaryImageOfPage\":{\"@id\":\"https:\/\/www.stelrad.shop\/be-fr\/product\/ensemble-panneaux-lateraux-pour-radiateurs-verticaux-stelrad-vertex\/#primaryimage\"},\"image\":{\"@id\":\"https:\/\/www.stelrad.shop\/be-fr\/product\/ensemble-panneaux-lateraux-pour-radiateurs-verticaux-stelrad-vertex\/#primaryimage\"},\"thumbnailUrl\":\"https:\/\/www.stelrad.shop\/wp-content\/uploads\/R3108HH22.jpg\",\"datePublished\":\"2018-09-13T07:47:24+00:00\",\"description\":\"Ensemble panneaux lat\u00e9raux pour radiateurs verticaux Stelrad Vertex. \u00c0 utiliser avec Vertex, Vertex Plan, Vertex Style et Vertical Galva.\",\"breadcrumb\":{\"@id\":\"https:\/\/www.stelrad.shop\/be-fr\/product\/ensemble-panneaux-lateraux-pour-radiateurs-verticaux-stelrad-vertex\/#breadcrumb\"},\"inLanguage\":\"fr-BE\",\"potentialAction\":[{\"@type\":\"ReadAction\",\"target\":[\"https:\/\/www.stelrad.shop\/be-fr\/product\/ensemble-panneaux-lateraux-pour-radiateurs-verticaux-stelrad-vertex\/\"]}]},{\"@type\":\"ImageObject\",\"inLanguage\":\"fr-BE\",\"@id\":\"https:\/\/www.stelrad.shop\/be-fr\/product\/ensemble-panneaux-lateraux-pour-radiateurs-verticaux-stelrad-vertex\/#primaryimage\",\"url\":\"https:\/\/www.stelrad.shop\/wp-content\/uploads\/R3108HH22.jpg\",\"contentUrl\":\"https:\/\/www.stelrad.shop\/wp-content\/uploads\/R3108HH22.jpg\",\"width\":1772,\"height\":1772,\"caption\":\"Set Seitenteile Vertex Vertikalheizk\u00f6rper\"},{\"@type\":\"BreadcrumbList\",\"@id\":\"https:\/\/www.stelrad.shop\/be-fr\/product\/ensemble-panneaux-lateraux-pour-radiateurs-verticaux-stelrad-vertex\/#breadcrumb\",\"itemListElement\":[{\"@type\":\"ListItem\",\"position\":1,\"name\":\"Home\",\"item\":\"https:\/\/www.stelrad.shop\/be-fr\/\"},{\"@type\":\"ListItem\",\"position\":2,\"name\":\"Shop\",\"item\":\"https:\/\/www.stelrad.shop\/fr\/magasin\/\"},{\"@type\":\"ListItem\",\"position\":3,\"name\":\"Ensemble panneaux lat\u00e9raux pour radiateurs verticaux Stelrad Vertex\"}]},{\"@type\":\"WebSite\",\"@id\":\"https:\/\/www.stelrad.shop\/be-fr\/#website\",\"url\":\"https:\/\/www.stelrad.shop\/be-fr\/\",\"name\":\"Stelrad Shop\",\"description\":\"\",\"publisher\":{\"@id\":\"https:\/\/www.stelrad.shop\/be-fr\/#organization\"},\"potentialAction\":[{\"@type\":\"SearchAction\",\"target\":{\"@type\":\"EntryPoint\",\"urlTemplate\":\"https:\/\/www.stelrad.shop\/be-fr\/?s={search_term_string}\"},\"query-input\":{\"@type\":\"PropertyValueSpecification\",\"valueRequired\":true,\"valueName\":\"search_term_string\"}}],\"inLanguage\":\"fr-BE\"},{\"@type\":\"Organization\",\"@id\":\"https:\/\/www.stelrad.shop\/be-fr\/#organization\",\"name\":\"Stelrad\",\"url\":\"https:\/\/www.stelrad.shop\/be-fr\/\",\"logo\":{\"@type\":\"ImageObject\",\"inLanguage\":\"fr-BE\",\"@id\":\"https:\/\/www.stelrad.shop\/be-fr\/#\/schema\/logo\/image\/\",\"url\":\"https:\/\/www.stelrad.shop\/wp-content\/uploads\/2019\/06\/logo.png\",\"contentUrl\":\"https:\/\/www.stelrad.shop\/wp-content\/uploads\/2019\/06\/logo.png\",\"width\":46,\"height\":46,\"caption\":\"Stelrad\"},\"image\":{\"@id\":\"https:\/\/www.stelrad.shop\/be-fr\/#\/schema\/logo\/image\/\"}}]}<\/script>\n<!-- \/ Yoast SEO plugin. -->","yoast_head_json":{"title":"Ensemble panneaux lat\u00e9raux pour radiateurs verticaux Stelrad Vertex |","description":"Ensemble panneaux lat\u00e9raux pour radiateurs verticaux Stelrad Vertex. \u00c0 utiliser avec Vertex, Vertex Plan, Vertex Style et Vertical Galva.","robots":{"index":"index","follow":"follow","max-snippet":"max-snippet:-1","max-image-preview":"max-image-preview:large","max-video-preview":"max-video-preview:-1"},"canonical":"https:\/\/www.stelrad.shop\/be-fr\/product\/ensemble-panneaux-lateraux-pour-radiateurs-verticaux-stelrad-vertex\/","og_locale":"fr_FR","og_type":"article","og_title":"Ensemble panneaux lat\u00e9raux pour radiateurs verticaux Stelrad Vertex |","og_description":"Ensemble panneaux lat\u00e9raux pour radiateurs verticaux Stelrad Vertex. \u00c0 utiliser avec Vertex, Vertex Plan, Vertex Style et Vertical Galva.","og_url":"https:\/\/www.stelrad.shop\/be-fr\/product\/ensemble-panneaux-lateraux-pour-radiateurs-verticaux-stelrad-vertex\/","og_site_name":"Stelrad Shop","twitter_card":"summary_large_image","schema":{"@context":"https:\/\/schema.org","@graph":[{"@type":"WebPage","@id":"https:\/\/www.stelrad.shop\/be-fr\/product\/ensemble-panneaux-lateraux-pour-radiateurs-verticaux-stelrad-vertex\/","url":"https:\/\/www.stelrad.shop\/be-fr\/product\/ensemble-panneaux-lateraux-pour-radiateurs-verticaux-stelrad-vertex\/","name":"Ensemble panneaux lat\u00e9raux pour radiateurs verticaux Stelrad Vertex |","isPartOf":{"@id":"https:\/\/www.stelrad.shop\/be-fr\/#website"},"primaryImageOfPage":{"@id":"https:\/\/www.stelrad.shop\/be-fr\/product\/ensemble-panneaux-lateraux-pour-radiateurs-verticaux-stelrad-vertex\/#primaryimage"},"image":{"@id":"https:\/\/www.stelrad.shop\/be-fr\/product\/ensemble-panneaux-lateraux-pour-radiateurs-verticaux-stelrad-vertex\/#primaryimage"},"thumbnailUrl":"https:\/\/www.stelrad.shop\/wp-content\/uploads\/R3108HH22.jpg","datePublished":"2018-09-13T07:47:24+00:00","description":"Ensemble panneaux lat\u00e9raux pour radiateurs verticaux Stelrad Vertex. \u00c0 utiliser avec Vertex, Vertex Plan, Vertex Style et Vertical Galva.","breadcrumb":{"@id":"https:\/\/www.stelrad.shop\/be-fr\/product\/ensemble-panneaux-lateraux-pour-radiateurs-verticaux-stelrad-vertex\/#breadcrumb"},"inLanguage":"fr-BE","potentialAction":[{"@type":"ReadAction","target":["https:\/\/www.stelrad.shop\/be-fr\/product\/ensemble-panneaux-lateraux-pour-radiateurs-verticaux-stelrad-vertex\/"]}]},{"@type":"ImageObject","inLanguage":"fr-BE","@id":"https:\/\/www.stelrad.shop\/be-fr\/product\/ensemble-panneaux-lateraux-pour-radiateurs-verticaux-stelrad-vertex\/#primaryimage","url":"https:\/\/www.stelrad.shop\/wp-content\/uploads\/R3108HH22.jpg","contentUrl":"https:\/\/www.stelrad.shop\/wp-content\/uploads\/R3108HH22.jpg","width":1772,"height":1772,"caption":"Set Seitenteile Vertex Vertikalheizk\u00f6rper"},{"@type":"BreadcrumbList","@id":"https:\/\/www.stelrad.shop\/be-fr\/product\/ensemble-panneaux-lateraux-pour-radiateurs-verticaux-stelrad-vertex\/#breadcrumb","itemListElement":[{"@type":"ListItem","position":1,"name":"Home","item":"https:\/\/www.stelrad.shop\/be-fr\/"},{"@type":"ListItem","position":2,"name":"Shop","item":"https:\/\/www.stelrad.shop\/fr\/magasin\/"},{"@type":"ListItem","position":3,"name":"Ensemble panneaux lat\u00e9raux pour radiateurs verticaux Stelrad Vertex"}]},{"@type":"WebSite","@id":"https:\/\/www.stelrad.shop\/be-fr\/#website","url":"https:\/\/www.stelrad.shop\/be-fr\/","name":"Stelrad Shop","description":"","publisher":{"@id":"https:\/\/www.stelrad.shop\/be-fr\/#organization"},"potentialAction":[{"@type":"SearchAction","target":{"@type":"EntryPoint","urlTemplate":"https:\/\/www.stelrad.shop\/be-fr\/?s={search_term_string}"},"query-input":{"@type":"PropertyValueSpecification","valueRequired":true,"valueName":"search_term_string"}}],"inLanguage":"fr-BE"},{"@type":"Organization","@id":"https:\/\/www.stelrad.shop\/be-fr\/#organization","name":"Stelrad","url":"https:\/\/www.stelrad.shop\/be-fr\/","logo":{"@type":"ImageObject","inLanguage":"fr-BE","@id":"https:\/\/www.stelrad.shop\/be-fr\/#\/schema\/logo\/image\/","url":"https:\/\/www.stelrad.shop\/wp-content\/uploads\/2019\/06\/logo.png","contentUrl":"https:\/\/www.stelrad.shop\/wp-content\/uploads\/2019\/06\/logo.png","width":46,"height":46,"caption":"Stelrad"},"image":{"@id":"https:\/\/www.stelrad.shop\/be-fr\/#\/schema\/logo\/image\/"}}]}},"_links":{"self":[{"href":"https:\/\/www.stelrad.shop\/be-fr\/wp-json\/wp\/v2\/product\/12357","targetHints":{"allow":["GET"]}}],"collection":[{"href":"https:\/\/www.stelrad.shop\/be-fr\/wp-json\/wp\/v2\/product"}],"about":[{"href":"https:\/\/www.stelrad.shop\/be-fr\/wp-json\/wp\/v2\/types\/product"}],"wp:featuredmedia":[{"embeddable":true,"href":"https:\/\/www.stelrad.shop\/be-fr\/wp-json\/wp\/v2\/media\/3750"}],"wp:attachment":[{"href":"https:\/\/www.stelrad.shop\/be-fr\/wp-json\/wp\/v2\/media?parent=12357"}],"wp:term":[{"taxonomy":"product_brand","embeddable":true,"href":"https:\/\/www.stelrad.shop\/be-fr\/wp-json\/wp\/v2\/product_brand?post=12357"},{"taxonomy":"product_cat","embeddable":true,"href":"https:\/\/www.stelrad.shop\/be-fr\/wp-json\/wp\/v2\/product_cat?post=12357"},{"taxonomy":"product_tag","embeddable":true,"href":"https:\/\/www.stelrad.shop\/be-fr\/wp-json\/wp\/v2\/product_tag?post=12357"},{"taxonomy":"media-category","embeddable":true,"href":"https:\/\/www.stelrad.shop\/be-fr\/wp-json\/wp\/v2\/media-category?post=12357"}],"curies":[{"name":"wp","href":"https:\/\/api.w.org\/{rel}","templated":true}]}}