{"id":12145,"date":"2018-09-13T09:48:08","date_gmt":"2018-09-13T09:48:08","guid":{"rendered":"https:\/\/www.stelrad.shop\/product\/attache-de-securite-grille-en-metal-t20-44\/"},"modified":"2026-01-26T05:58:29","modified_gmt":"2026-01-26T04:58:29","slug":"attache-de-securite-grille-en-metal-t20-44","status":"publish","type":"product","link":"https:\/\/www.stelrad.shop\/be-fr\/product\/attache-de-securite-grille-en-metal-t20-44\/","title":{"rendered":"Attache de s\u00e9curit\u00e9 grille en m\u00e9tal T20-44"},"content":{"rendered":"<p>Attache de s\u00e9curit\u00e9 grille en m\u00e9tal T20-44<\/p>\n<p>Dans la deuxi\u00e8me image, vous pouvez voir de combien de supports vous avez besoin par radiateur<\/p>\n<p>&nbsp;<\/p>\n<p><strong>Attention: uniquement pour les grilles \u00ab\u00a0Euro\u00a0\u00bb<\/strong><\/p>\n","protected":false},"excerpt":{"rendered":"<p>Attache de s\u00e9curit\u00e9 grille en m\u00e9tal T20-44<\/p>\n","protected":false},"featured_media":18,"template":"","meta":[],"product_brand":[],"product_cat":[1731,1737],"product_tag":[],"media-category":[1129],"class_list":{"0":"post-12145","1":"product","2":"type-product","3":"status-publish","4":"has-post-thumbnail","6":"product_cat-grille-de-couverture-be","7":"product_cat-novello-eco-abdeckgitter","8":"product_shipping_class-1517","9":"media-category-novello-eco","11":"first","12":"instock","13":"taxable","14":"shipping-taxable","15":"purchasable","16":"product-type-simple"},"yoast_head":"<!-- This site is optimized with the Yoast SEO plugin v26.8 - https:\/\/yoast.com\/product\/yoast-seo-wordpress\/ -->\n<title>Attache de s\u00e9curit\u00e9 grille en m\u00e9tal T20-44 - Stelrad Shop<\/title>\n<meta name=\"robots\" content=\"index, follow, max-snippet:-1, max-image-preview:large, max-video-preview:-1\" \/>\n<link rel=\"canonical\" href=\"https:\/\/www.stelrad.shop\/be-fr\/product\/attache-de-securite-grille-en-metal-t20-44\/\" \/>\n<meta property=\"og:locale\" content=\"fr_FR\" \/>\n<meta property=\"og:type\" content=\"article\" \/>\n<meta property=\"og:title\" content=\"Attache de s\u00e9curit\u00e9 grille en m\u00e9tal T20-44 - Stelrad Shop\" \/>\n<meta property=\"og:description\" content=\"Attache de s\u00e9curit\u00e9 grille en m\u00e9tal T20-44\" \/>\n<meta property=\"og:url\" content=\"https:\/\/www.stelrad.shop\/be-fr\/product\/attache-de-securite-grille-en-metal-t20-44\/\" \/>\n<meta property=\"og:site_name\" content=\"Stelrad Shop\" \/>\n<meta property=\"article:modified_time\" content=\"2026-01-26T04:58:29+00:00\" \/>\n<meta name=\"twitter:card\" content=\"summary_large_image\" \/>\n<script type=\"application\/ld+json\" class=\"yoast-schema-graph\">{\"@context\":\"https:\/\/schema.org\",\"@graph\":[{\"@type\":\"WebPage\",\"@id\":\"https:\/\/www.stelrad.shop\/be-fr\/product\/attache-de-securite-grille-en-metal-t20-44\/\",\"url\":\"https:\/\/www.stelrad.shop\/be-fr\/product\/attache-de-securite-grille-en-metal-t20-44\/\",\"name\":\"Attache de s\u00e9curit\u00e9 grille en m\u00e9tal T20-44 - Stelrad Shop\",\"isPartOf\":{\"@id\":\"https:\/\/www.stelrad.shop\/be-fr\/#website\"},\"primaryImageOfPage\":{\"@id\":\"https:\/\/www.stelrad.shop\/be-fr\/product\/attache-de-securite-grille-en-metal-t20-44\/#primaryimage\"},\"image\":{\"@id\":\"https:\/\/www.stelrad.shop\/be-fr\/product\/attache-de-securite-grille-en-metal-t20-44\/#primaryimage\"},\"thumbnailUrl\":\"https:\/\/www.stelrad.shop\/wp-content\/uploads\/2018\/04\/R3203.jpg\",\"datePublished\":\"2018-09-13T09:48:08+00:00\",\"dateModified\":\"2026-01-26T04:58:29+00:00\",\"breadcrumb\":{\"@id\":\"https:\/\/www.stelrad.shop\/be-fr\/product\/attache-de-securite-grille-en-metal-t20-44\/#breadcrumb\"},\"inLanguage\":\"fr-BE\",\"potentialAction\":[{\"@type\":\"ReadAction\",\"target\":[\"https:\/\/www.stelrad.shop\/be-fr\/product\/attache-de-securite-grille-en-metal-t20-44\/\"]}]},{\"@type\":\"ImageObject\",\"inLanguage\":\"fr-BE\",\"@id\":\"https:\/\/www.stelrad.shop\/be-fr\/product\/attache-de-securite-grille-en-metal-t20-44\/#primaryimage\",\"url\":\"https:\/\/www.stelrad.shop\/wp-content\/uploads\/2018\/04\/R3203.jpg\",\"contentUrl\":\"https:\/\/www.stelrad.shop\/wp-content\/uploads\/2018\/04\/R3203.jpg\",\"width\":600,\"height\":600},{\"@type\":\"BreadcrumbList\",\"@id\":\"https:\/\/www.stelrad.shop\/be-fr\/product\/attache-de-securite-grille-en-metal-t20-44\/#breadcrumb\",\"itemListElement\":[{\"@type\":\"ListItem\",\"position\":1,\"name\":\"Home\",\"item\":\"https:\/\/www.stelrad.shop\/be-fr\/\"},{\"@type\":\"ListItem\",\"position\":2,\"name\":\"Shop\",\"item\":\"https:\/\/www.stelrad.shop\/fr\/magasin\/\"},{\"@type\":\"ListItem\",\"position\":3,\"name\":\"Attache de s\u00e9curit\u00e9 grille en m\u00e9tal T20-44\"}]},{\"@type\":\"WebSite\",\"@id\":\"https:\/\/www.stelrad.shop\/be-fr\/#website\",\"url\":\"https:\/\/www.stelrad.shop\/be-fr\/\",\"name\":\"Stelrad Shop\",\"description\":\"\",\"publisher\":{\"@id\":\"https:\/\/www.stelrad.shop\/be-fr\/#organization\"},\"potentialAction\":[{\"@type\":\"SearchAction\",\"target\":{\"@type\":\"EntryPoint\",\"urlTemplate\":\"https:\/\/www.stelrad.shop\/be-fr\/?s={search_term_string}\"},\"query-input\":{\"@type\":\"PropertyValueSpecification\",\"valueRequired\":true,\"valueName\":\"search_term_string\"}}],\"inLanguage\":\"fr-BE\"},{\"@type\":\"Organization\",\"@id\":\"https:\/\/www.stelrad.shop\/be-fr\/#organization\",\"name\":\"Stelrad\",\"url\":\"https:\/\/www.stelrad.shop\/be-fr\/\",\"logo\":{\"@type\":\"ImageObject\",\"inLanguage\":\"fr-BE\",\"@id\":\"https:\/\/www.stelrad.shop\/be-fr\/#\/schema\/logo\/image\/\",\"url\":\"https:\/\/www.stelrad.shop\/wp-content\/uploads\/2019\/06\/logo.png\",\"contentUrl\":\"https:\/\/www.stelrad.shop\/wp-content\/uploads\/2019\/06\/logo.png\",\"width\":46,\"height\":46,\"caption\":\"Stelrad\"},\"image\":{\"@id\":\"https:\/\/www.stelrad.shop\/be-fr\/#\/schema\/logo\/image\/\"}}]}<\/script>\n<!-- \/ Yoast SEO plugin. -->","yoast_head_json":{"title":"Attache de s\u00e9curit\u00e9 grille en m\u00e9tal T20-44 - Stelrad Shop","robots":{"index":"index","follow":"follow","max-snippet":"max-snippet:-1","max-image-preview":"max-image-preview:large","max-video-preview":"max-video-preview:-1"},"canonical":"https:\/\/www.stelrad.shop\/be-fr\/product\/attache-de-securite-grille-en-metal-t20-44\/","og_locale":"fr_FR","og_type":"article","og_title":"Attache de s\u00e9curit\u00e9 grille en m\u00e9tal T20-44 - Stelrad Shop","og_description":"Attache de s\u00e9curit\u00e9 grille en m\u00e9tal T20-44","og_url":"https:\/\/www.stelrad.shop\/be-fr\/product\/attache-de-securite-grille-en-metal-t20-44\/","og_site_name":"Stelrad Shop","article_modified_time":"2026-01-26T04:58:29+00:00","twitter_card":"summary_large_image","schema":{"@context":"https:\/\/schema.org","@graph":[{"@type":"WebPage","@id":"https:\/\/www.stelrad.shop\/be-fr\/product\/attache-de-securite-grille-en-metal-t20-44\/","url":"https:\/\/www.stelrad.shop\/be-fr\/product\/attache-de-securite-grille-en-metal-t20-44\/","name":"Attache de s\u00e9curit\u00e9 grille en m\u00e9tal T20-44 - Stelrad Shop","isPartOf":{"@id":"https:\/\/www.stelrad.shop\/be-fr\/#website"},"primaryImageOfPage":{"@id":"https:\/\/www.stelrad.shop\/be-fr\/product\/attache-de-securite-grille-en-metal-t20-44\/#primaryimage"},"image":{"@id":"https:\/\/www.stelrad.shop\/be-fr\/product\/attache-de-securite-grille-en-metal-t20-44\/#primaryimage"},"thumbnailUrl":"https:\/\/www.stelrad.shop\/wp-content\/uploads\/2018\/04\/R3203.jpg","datePublished":"2018-09-13T09:48:08+00:00","dateModified":"2026-01-26T04:58:29+00:00","breadcrumb":{"@id":"https:\/\/www.stelrad.shop\/be-fr\/product\/attache-de-securite-grille-en-metal-t20-44\/#breadcrumb"},"inLanguage":"fr-BE","potentialAction":[{"@type":"ReadAction","target":["https:\/\/www.stelrad.shop\/be-fr\/product\/attache-de-securite-grille-en-metal-t20-44\/"]}]},{"@type":"ImageObject","inLanguage":"fr-BE","@id":"https:\/\/www.stelrad.shop\/be-fr\/product\/attache-de-securite-grille-en-metal-t20-44\/#primaryimage","url":"https:\/\/www.stelrad.shop\/wp-content\/uploads\/2018\/04\/R3203.jpg","contentUrl":"https:\/\/www.stelrad.shop\/wp-content\/uploads\/2018\/04\/R3203.jpg","width":600,"height":600},{"@type":"BreadcrumbList","@id":"https:\/\/www.stelrad.shop\/be-fr\/product\/attache-de-securite-grille-en-metal-t20-44\/#breadcrumb","itemListElement":[{"@type":"ListItem","position":1,"name":"Home","item":"https:\/\/www.stelrad.shop\/be-fr\/"},{"@type":"ListItem","position":2,"name":"Shop","item":"https:\/\/www.stelrad.shop\/fr\/magasin\/"},{"@type":"ListItem","position":3,"name":"Attache de s\u00e9curit\u00e9 grille en m\u00e9tal T20-44"}]},{"@type":"WebSite","@id":"https:\/\/www.stelrad.shop\/be-fr\/#website","url":"https:\/\/www.stelrad.shop\/be-fr\/","name":"Stelrad Shop","description":"","publisher":{"@id":"https:\/\/www.stelrad.shop\/be-fr\/#organization"},"potentialAction":[{"@type":"SearchAction","target":{"@type":"EntryPoint","urlTemplate":"https:\/\/www.stelrad.shop\/be-fr\/?s={search_term_string}"},"query-input":{"@type":"PropertyValueSpecification","valueRequired":true,"valueName":"search_term_string"}}],"inLanguage":"fr-BE"},{"@type":"Organization","@id":"https:\/\/www.stelrad.shop\/be-fr\/#organization","name":"Stelrad","url":"https:\/\/www.stelrad.shop\/be-fr\/","logo":{"@type":"ImageObject","inLanguage":"fr-BE","@id":"https:\/\/www.stelrad.shop\/be-fr\/#\/schema\/logo\/image\/","url":"https:\/\/www.stelrad.shop\/wp-content\/uploads\/2019\/06\/logo.png","contentUrl":"https:\/\/www.stelrad.shop\/wp-content\/uploads\/2019\/06\/logo.png","width":46,"height":46,"caption":"Stelrad"},"image":{"@id":"https:\/\/www.stelrad.shop\/be-fr\/#\/schema\/logo\/image\/"}}]}},"_links":{"self":[{"href":"https:\/\/www.stelrad.shop\/be-fr\/wp-json\/wp\/v2\/product\/12145","targetHints":{"allow":["GET"]}}],"collection":[{"href":"https:\/\/www.stelrad.shop\/be-fr\/wp-json\/wp\/v2\/product"}],"about":[{"href":"https:\/\/www.stelrad.shop\/be-fr\/wp-json\/wp\/v2\/types\/product"}],"wp:featuredmedia":[{"embeddable":true,"href":"https:\/\/www.stelrad.shop\/be-fr\/wp-json\/wp\/v2\/media\/18"}],"wp:attachment":[{"href":"https:\/\/www.stelrad.shop\/be-fr\/wp-json\/wp\/v2\/media?parent=12145"}],"wp:term":[{"taxonomy":"product_brand","embeddable":true,"href":"https:\/\/www.stelrad.shop\/be-fr\/wp-json\/wp\/v2\/product_brand?post=12145"},{"taxonomy":"product_cat","embeddable":true,"href":"https:\/\/www.stelrad.shop\/be-fr\/wp-json\/wp\/v2\/product_cat?post=12145"},{"taxonomy":"product_tag","embeddable":true,"href":"https:\/\/www.stelrad.shop\/be-fr\/wp-json\/wp\/v2\/product_tag?post=12145"},{"taxonomy":"media-category","embeddable":true,"href":"https:\/\/www.stelrad.shop\/be-fr\/wp-json\/wp\/v2\/media-category?post=12145"}],"curies":[{"name":"wp","href":"https:\/\/api.w.org\/{rel}","templated":true}]}}