{"id":12026,"date":"2018-09-13T09:48:46","date_gmt":"2018-09-13T09:48:46","guid":{"rendered":"https:\/\/www.stelrad.shop\/product\/kit-de-montage-en-claustra\/"},"modified":"2026-01-26T06:00:19","modified_gmt":"2026-01-26T05:00:19","slug":"kit-de-montage-en-claustra","status":"publish","type":"product","link":"https:\/\/www.stelrad.shop\/be-fr\/product\/kit-de-montage-en-claustra\/","title":{"rendered":"Kit de montage en claustra"},"content":{"rendered":"<p>Kit de montage en claustra &#8211; Si vous souhaitez diviser une pi\u00e8ce de votre maison sans avoir \u00e0 construire un mur, l&rsquo;installation d&rsquo;un radiateur de s\u00e9paration translucide et d\u00e9coratif est le choix \u00e9vident. Il est peu encombrant et pratique d&rsquo;utiliser des radiateurs de s\u00e9paration ou des s\u00e8che-serviettes ainsi que Stelrad Dahlia et Dahlia CT comme cloisons, m\u00eame dans les petites salles de bains. <\/p>\n","protected":false},"excerpt":{"rendered":"<p>Kit de montage en claustra<\/p>\n","protected":false},"featured_media":1447,"template":"","meta":[],"product_brand":[],"product_cat":[1569,1570,1695,1566],"product_tag":[],"media-category":[1113,1118],"class_list":{"0":"post-12026","1":"product","2":"type-product","3":"status-publish","4":"has-post-thumbnail","6":"product_cat-dahlia-konsolen","7":"product_cat-dahlia-ct-konsolen","8":"product_cat-gilia-double-konsolen","9":"product_cat-befestigungen-fr-be","10":"product_shipping_class-1517","11":"media-category-dahlia","12":"media-category-gilia-double","14":"first","15":"instock","16":"taxable","17":"shipping-taxable","18":"purchasable","19":"product-type-simple"},"yoast_head":"<!-- This site is optimized with the Yoast SEO plugin v26.8 - https:\/\/yoast.com\/product\/yoast-seo-wordpress\/ -->\n<title>Kit de montage en claustra |<\/title>\n<meta name=\"description\" content=\"Kit de montage en claustra\" \/>\n<meta name=\"robots\" content=\"index, follow, max-snippet:-1, max-image-preview:large, max-video-preview:-1\" \/>\n<link rel=\"canonical\" href=\"https:\/\/www.stelrad.shop\/be-fr\/product\/kit-de-montage-en-claustra\/\" \/>\n<meta property=\"og:locale\" content=\"fr_FR\" \/>\n<meta property=\"og:type\" content=\"article\" \/>\n<meta property=\"og:title\" content=\"Kit de montage en claustra |\" \/>\n<meta property=\"og:description\" content=\"Kit de montage en claustra\" \/>\n<meta property=\"og:url\" content=\"https:\/\/www.stelrad.shop\/be-fr\/product\/kit-de-montage-en-claustra\/\" \/>\n<meta property=\"og:site_name\" content=\"Stelrad Shop\" \/>\n<meta property=\"article:modified_time\" content=\"2026-01-26T05:00:19+00:00\" \/>\n<meta name=\"twitter:card\" content=\"summary_large_image\" \/>\n<script type=\"application\/ld+json\" class=\"yoast-schema-graph\">{\"@context\":\"https:\/\/schema.org\",\"@graph\":[{\"@type\":\"WebPage\",\"@id\":\"https:\/\/www.stelrad.shop\/be-fr\/product\/kit-de-montage-en-claustra\/\",\"url\":\"https:\/\/www.stelrad.shop\/be-fr\/product\/kit-de-montage-en-claustra\/\",\"name\":\"Kit de montage en claustra |\",\"isPartOf\":{\"@id\":\"https:\/\/www.stelrad.shop\/be-fr\/#website\"},\"primaryImageOfPage\":{\"@id\":\"https:\/\/www.stelrad.shop\/be-fr\/product\/kit-de-montage-en-claustra\/#primaryimage\"},\"image\":{\"@id\":\"https:\/\/www.stelrad.shop\/be-fr\/product\/kit-de-montage-en-claustra\/#primaryimage\"},\"thumbnailUrl\":\"https:\/\/www.stelrad.shop\/wp-content\/uploads\/T1630.jpg\",\"datePublished\":\"2018-09-13T09:48:46+00:00\",\"dateModified\":\"2026-01-26T05:00:19+00:00\",\"description\":\"Kit de montage en claustra\",\"breadcrumb\":{\"@id\":\"https:\/\/www.stelrad.shop\/be-fr\/product\/kit-de-montage-en-claustra\/#breadcrumb\"},\"inLanguage\":\"fr-BE\",\"potentialAction\":[{\"@type\":\"ReadAction\",\"target\":[\"https:\/\/www.stelrad.shop\/be-fr\/product\/kit-de-montage-en-claustra\/\"]}]},{\"@type\":\"ImageObject\",\"inLanguage\":\"fr-BE\",\"@id\":\"https:\/\/www.stelrad.shop\/be-fr\/product\/kit-de-montage-en-claustra\/#primaryimage\",\"url\":\"https:\/\/www.stelrad.shop\/wp-content\/uploads\/T1630.jpg\",\"contentUrl\":\"https:\/\/www.stelrad.shop\/wp-content\/uploads\/T1630.jpg\",\"width\":1772,\"height\":1772,\"caption\":\"Montagesatz Raumteiler\"},{\"@type\":\"BreadcrumbList\",\"@id\":\"https:\/\/www.stelrad.shop\/be-fr\/product\/kit-de-montage-en-claustra\/#breadcrumb\",\"itemListElement\":[{\"@type\":\"ListItem\",\"position\":1,\"name\":\"Home\",\"item\":\"https:\/\/www.stelrad.shop\/be-fr\/\"},{\"@type\":\"ListItem\",\"position\":2,\"name\":\"Shop\",\"item\":\"https:\/\/www.stelrad.shop\/fr\/magasin\/\"},{\"@type\":\"ListItem\",\"position\":3,\"name\":\"Kit de montage en claustra\"}]},{\"@type\":\"WebSite\",\"@id\":\"https:\/\/www.stelrad.shop\/be-fr\/#website\",\"url\":\"https:\/\/www.stelrad.shop\/be-fr\/\",\"name\":\"Stelrad Shop\",\"description\":\"\",\"publisher\":{\"@id\":\"https:\/\/www.stelrad.shop\/be-fr\/#organization\"},\"potentialAction\":[{\"@type\":\"SearchAction\",\"target\":{\"@type\":\"EntryPoint\",\"urlTemplate\":\"https:\/\/www.stelrad.shop\/be-fr\/?s={search_term_string}\"},\"query-input\":{\"@type\":\"PropertyValueSpecification\",\"valueRequired\":true,\"valueName\":\"search_term_string\"}}],\"inLanguage\":\"fr-BE\"},{\"@type\":\"Organization\",\"@id\":\"https:\/\/www.stelrad.shop\/be-fr\/#organization\",\"name\":\"Stelrad\",\"url\":\"https:\/\/www.stelrad.shop\/be-fr\/\",\"logo\":{\"@type\":\"ImageObject\",\"inLanguage\":\"fr-BE\",\"@id\":\"https:\/\/www.stelrad.shop\/be-fr\/#\/schema\/logo\/image\/\",\"url\":\"https:\/\/www.stelrad.shop\/wp-content\/uploads\/2019\/06\/logo.png\",\"contentUrl\":\"https:\/\/www.stelrad.shop\/wp-content\/uploads\/2019\/06\/logo.png\",\"width\":46,\"height\":46,\"caption\":\"Stelrad\"},\"image\":{\"@id\":\"https:\/\/www.stelrad.shop\/be-fr\/#\/schema\/logo\/image\/\"}}]}<\/script>\n<!-- \/ Yoast SEO plugin. -->","yoast_head_json":{"title":"Kit de montage en claustra |","description":"Kit de montage en claustra","robots":{"index":"index","follow":"follow","max-snippet":"max-snippet:-1","max-image-preview":"max-image-preview:large","max-video-preview":"max-video-preview:-1"},"canonical":"https:\/\/www.stelrad.shop\/be-fr\/product\/kit-de-montage-en-claustra\/","og_locale":"fr_FR","og_type":"article","og_title":"Kit de montage en claustra |","og_description":"Kit de montage en claustra","og_url":"https:\/\/www.stelrad.shop\/be-fr\/product\/kit-de-montage-en-claustra\/","og_site_name":"Stelrad Shop","article_modified_time":"2026-01-26T05:00:19+00:00","twitter_card":"summary_large_image","schema":{"@context":"https:\/\/schema.org","@graph":[{"@type":"WebPage","@id":"https:\/\/www.stelrad.shop\/be-fr\/product\/kit-de-montage-en-claustra\/","url":"https:\/\/www.stelrad.shop\/be-fr\/product\/kit-de-montage-en-claustra\/","name":"Kit de montage en claustra |","isPartOf":{"@id":"https:\/\/www.stelrad.shop\/be-fr\/#website"},"primaryImageOfPage":{"@id":"https:\/\/www.stelrad.shop\/be-fr\/product\/kit-de-montage-en-claustra\/#primaryimage"},"image":{"@id":"https:\/\/www.stelrad.shop\/be-fr\/product\/kit-de-montage-en-claustra\/#primaryimage"},"thumbnailUrl":"https:\/\/www.stelrad.shop\/wp-content\/uploads\/T1630.jpg","datePublished":"2018-09-13T09:48:46+00:00","dateModified":"2026-01-26T05:00:19+00:00","description":"Kit de montage en claustra","breadcrumb":{"@id":"https:\/\/www.stelrad.shop\/be-fr\/product\/kit-de-montage-en-claustra\/#breadcrumb"},"inLanguage":"fr-BE","potentialAction":[{"@type":"ReadAction","target":["https:\/\/www.stelrad.shop\/be-fr\/product\/kit-de-montage-en-claustra\/"]}]},{"@type":"ImageObject","inLanguage":"fr-BE","@id":"https:\/\/www.stelrad.shop\/be-fr\/product\/kit-de-montage-en-claustra\/#primaryimage","url":"https:\/\/www.stelrad.shop\/wp-content\/uploads\/T1630.jpg","contentUrl":"https:\/\/www.stelrad.shop\/wp-content\/uploads\/T1630.jpg","width":1772,"height":1772,"caption":"Montagesatz Raumteiler"},{"@type":"BreadcrumbList","@id":"https:\/\/www.stelrad.shop\/be-fr\/product\/kit-de-montage-en-claustra\/#breadcrumb","itemListElement":[{"@type":"ListItem","position":1,"name":"Home","item":"https:\/\/www.stelrad.shop\/be-fr\/"},{"@type":"ListItem","position":2,"name":"Shop","item":"https:\/\/www.stelrad.shop\/fr\/magasin\/"},{"@type":"ListItem","position":3,"name":"Kit de montage en claustra"}]},{"@type":"WebSite","@id":"https:\/\/www.stelrad.shop\/be-fr\/#website","url":"https:\/\/www.stelrad.shop\/be-fr\/","name":"Stelrad Shop","description":"","publisher":{"@id":"https:\/\/www.stelrad.shop\/be-fr\/#organization"},"potentialAction":[{"@type":"SearchAction","target":{"@type":"EntryPoint","urlTemplate":"https:\/\/www.stelrad.shop\/be-fr\/?s={search_term_string}"},"query-input":{"@type":"PropertyValueSpecification","valueRequired":true,"valueName":"search_term_string"}}],"inLanguage":"fr-BE"},{"@type":"Organization","@id":"https:\/\/www.stelrad.shop\/be-fr\/#organization","name":"Stelrad","url":"https:\/\/www.stelrad.shop\/be-fr\/","logo":{"@type":"ImageObject","inLanguage":"fr-BE","@id":"https:\/\/www.stelrad.shop\/be-fr\/#\/schema\/logo\/image\/","url":"https:\/\/www.stelrad.shop\/wp-content\/uploads\/2019\/06\/logo.png","contentUrl":"https:\/\/www.stelrad.shop\/wp-content\/uploads\/2019\/06\/logo.png","width":46,"height":46,"caption":"Stelrad"},"image":{"@id":"https:\/\/www.stelrad.shop\/be-fr\/#\/schema\/logo\/image\/"}}]}},"_links":{"self":[{"href":"https:\/\/www.stelrad.shop\/be-fr\/wp-json\/wp\/v2\/product\/12026","targetHints":{"allow":["GET"]}}],"collection":[{"href":"https:\/\/www.stelrad.shop\/be-fr\/wp-json\/wp\/v2\/product"}],"about":[{"href":"https:\/\/www.stelrad.shop\/be-fr\/wp-json\/wp\/v2\/types\/product"}],"wp:featuredmedia":[{"embeddable":true,"href":"https:\/\/www.stelrad.shop\/be-fr\/wp-json\/wp\/v2\/media\/1447"}],"wp:attachment":[{"href":"https:\/\/www.stelrad.shop\/be-fr\/wp-json\/wp\/v2\/media?parent=12026"}],"wp:term":[{"taxonomy":"product_brand","embeddable":true,"href":"https:\/\/www.stelrad.shop\/be-fr\/wp-json\/wp\/v2\/product_brand?post=12026"},{"taxonomy":"product_cat","embeddable":true,"href":"https:\/\/www.stelrad.shop\/be-fr\/wp-json\/wp\/v2\/product_cat?post=12026"},{"taxonomy":"product_tag","embeddable":true,"href":"https:\/\/www.stelrad.shop\/be-fr\/wp-json\/wp\/v2\/product_tag?post=12026"},{"taxonomy":"media-category","embeddable":true,"href":"https:\/\/www.stelrad.shop\/be-fr\/wp-json\/wp\/v2\/media-category?post=12026"}],"curies":[{"name":"wp","href":"https:\/\/api.w.org\/{rel}","templated":true}]}}