{"id":12001,"date":"2018-09-13T09:48:52","date_gmt":"2018-09-13T09:48:52","guid":{"rendered":"https:\/\/www.stelrad.shop\/product\/console-support-noir-t22-44-pour-installation-au-sol-2-pieces\/"},"modified":"2026-01-26T06:00:03","modified_gmt":"2026-01-26T05:00:03","slug":"console-support-noir-t22-44-pour-installation-au-sol-2-pieces","status":"publish","type":"product","link":"https:\/\/www.stelrad.shop\/be-fr\/product\/console-support-noir-t22-44-pour-installation-au-sol-2-pieces\/","title":{"rendered":"Pied r\u00e9glable noir type 22-44 pour montage au sols finis &#8211; 2 pi\u00e8ces"},"content":{"rendered":"<p>Console sur pied Noir RAL9005 Type 22-44 pour montage au sol fini 2 pi\u00e8ces<\/p>\n<p>Fixation interne &#8211; noire &#8211; enduit de poudre, compos\u00e9e de 2 pinces internes avec insert amortisseur<\/p>\n","protected":false},"excerpt":{"rendered":"<p>Console sur pied noir RAL9005 T22-44 pour montage au sol fini 2 pi\u00e8ces<\/p>\n","protected":false},"featured_media":3760,"template":"","meta":[],"product_brand":[],"product_cat":[1549,1548,1541,1542,1543,1544,1546,1537,1536,1545,1566,1547,1558,1535,1552,1540,1556,1538,1550,1553,1557,1539,1551,1554,1555],"product_tag":[],"media-category":[1156,1109,1110,1111,1116,1117,1121,1122,1123,1124,1127,1128,1129,1131,1132,1133,1134,1135,1301,1137,1138,1139,1305,1141],"class_list":{"0":"post-12001","1":"product","2":"type-product","3":"status-publish","4":"has-post-thumbnail","6":"product_cat-accord-all-in","7":"product_cat-compact-all-in-2","8":"product_cat-compact-planar-3","9":"product_cat-compact-style-3","10":"product_cat-eco-galva","11":"product_cat-galva","12":"product_cat-hygiene","13":"product_cat-hygiene-eco","14":"product_cat-hygiene-eco-galva","15":"product_cat-hygiene-galva","16":"product_cat-befestigungen-fr-be","17":"product_cat-novello-2","18":"product_cat-novello-8-2","19":"product_cat-novello-eco","20":"product_cat-novello-plinth-2","21":"product_cat-planar-3","22":"product_cat-planar-8-3","23":"product_cat-planar-eco-2","24":"product_cat-planar-plinth-2","25":"product_cat-planar-plinth-d-2","26":"product_cat-planar-style-8-3","27":"product_cat-planar-style-eco-2","28":"product_cat-planar-style-plinth-2","29":"product_cat-planar-style-plinth-d-2","30":"product_cat-reno-2","31":"product_shipping_class-1561","32":"pa_typ-1607","33":"pa_typ-1672","34":"media-category-accord-all-in","35":"media-category-compact-all-in","36":"media-category-compact-planar","37":"media-category-compact-style","38":"media-category-eco-galva","39":"media-category-galva","40":"media-category-hygiene","41":"media-category-hygiene-eco","42":"media-category-hygiene-eco-galva","43":"media-category-hygiene-galva","44":"media-category-novello","45":"media-category-novello-8","46":"media-category-novello-eco","47":"media-category-novello-plinth","48":"media-category-planar","49":"media-category-planar-8","50":"media-category-planar-eco","51":"media-category-planar-plinth","52":"media-category-planar-plinth-double","53":"media-category-planar-style-8","54":"media-category-planar-style-eco","55":"media-category-planar-style-plinth","56":"media-category-planar-style-plinth-double","57":"media-category-reno","59":"first","60":"instock","61":"sale","62":"taxable","63":"shipping-taxable","64":"purchasable","65":"product-type-simple"},"yoast_head":"<!-- This site is optimized with the Yoast SEO plugin v26.8 - https:\/\/yoast.com\/product\/yoast-seo-wordpress\/ -->\n<title>Pied r\u00e9glable noir type 22-44 pour montage au sols finis - 2 pi\u00e8ces |<\/title>\n<meta name=\"description\" content=\"Pied r\u00e9glable noir type 22-44 pour montage au sols finis - 2 pi\u00e8ces - enduit de poudre, compos\u00e9 de 2 pinces int\u00e9rieures avec insert amortisseur\" \/>\n<meta name=\"robots\" content=\"index, follow, max-snippet:-1, max-image-preview:large, max-video-preview:-1\" \/>\n<link rel=\"canonical\" href=\"https:\/\/www.stelrad.shop\/be-fr\/product\/console-support-noir-t22-44-pour-installation-au-sol-2-pieces\/\" \/>\n<meta property=\"og:locale\" content=\"fr_FR\" \/>\n<meta property=\"og:type\" content=\"article\" \/>\n<meta property=\"og:title\" content=\"Pied r\u00e9glable noir type 22-44 pour montage au sols finis - 2 pi\u00e8ces |\" \/>\n<meta property=\"og:description\" content=\"Pied r\u00e9glable noir type 22-44 pour montage au sols finis - 2 pi\u00e8ces - enduit de poudre, compos\u00e9 de 2 pinces int\u00e9rieures avec insert amortisseur\" \/>\n<meta property=\"og:url\" content=\"https:\/\/www.stelrad.shop\/be-fr\/product\/console-support-noir-t22-44-pour-installation-au-sol-2-pieces\/\" \/>\n<meta property=\"og:site_name\" content=\"Stelrad Shop\" \/>\n<meta property=\"article:modified_time\" content=\"2026-01-26T05:00:03+00:00\" \/>\n<meta name=\"twitter:card\" content=\"summary_large_image\" \/>\n<script type=\"application\/ld+json\" class=\"yoast-schema-graph\">{\"@context\":\"https:\/\/schema.org\",\"@graph\":[{\"@type\":\"WebPage\",\"@id\":\"https:\/\/www.stelrad.shop\/be-fr\/product\/console-support-noir-t22-44-pour-installation-au-sol-2-pieces\/\",\"url\":\"https:\/\/www.stelrad.shop\/be-fr\/product\/console-support-noir-t22-44-pour-installation-au-sol-2-pieces\/\",\"name\":\"Pied r\u00e9glable noir type 22-44 pour montage au sols finis - 2 pi\u00e8ces |\",\"isPartOf\":{\"@id\":\"https:\/\/www.stelrad.shop\/be-fr\/#website\"},\"primaryImageOfPage\":{\"@id\":\"https:\/\/www.stelrad.shop\/be-fr\/product\/console-support-noir-t22-44-pour-installation-au-sol-2-pieces\/#primaryimage\"},\"image\":{\"@id\":\"https:\/\/www.stelrad.shop\/be-fr\/product\/console-support-noir-t22-44-pour-installation-au-sol-2-pieces\/#primaryimage\"},\"thumbnailUrl\":\"https:\/\/www.stelrad.shop\/wp-content\/uploads\/T1660.jpg\",\"datePublished\":\"2018-09-13T09:48:52+00:00\",\"dateModified\":\"2026-01-26T05:00:03+00:00\",\"description\":\"Pied r\u00e9glable noir type 22-44 pour montage au sols finis - 2 pi\u00e8ces - enduit de poudre, compos\u00e9 de 2 pinces int\u00e9rieures avec insert amortisseur\",\"breadcrumb\":{\"@id\":\"https:\/\/www.stelrad.shop\/be-fr\/product\/console-support-noir-t22-44-pour-installation-au-sol-2-pieces\/#breadcrumb\"},\"inLanguage\":\"fr-BE\",\"potentialAction\":[{\"@type\":\"ReadAction\",\"target\":[\"https:\/\/www.stelrad.shop\/be-fr\/product\/console-support-noir-t22-44-pour-installation-au-sol-2-pieces\/\"]}]},{\"@type\":\"ImageObject\",\"inLanguage\":\"fr-BE\",\"@id\":\"https:\/\/www.stelrad.shop\/be-fr\/product\/console-support-noir-t22-44-pour-installation-au-sol-2-pieces\/#primaryimage\",\"url\":\"https:\/\/www.stelrad.shop\/wp-content\/uploads\/T1660.jpg\",\"contentUrl\":\"https:\/\/www.stelrad.shop\/wp-content\/uploads\/T1660.jpg\",\"width\":1772,\"height\":1772,\"caption\":\"Standkonsole Schwarz\"},{\"@type\":\"BreadcrumbList\",\"@id\":\"https:\/\/www.stelrad.shop\/be-fr\/product\/console-support-noir-t22-44-pour-installation-au-sol-2-pieces\/#breadcrumb\",\"itemListElement\":[{\"@type\":\"ListItem\",\"position\":1,\"name\":\"Home\",\"item\":\"https:\/\/www.stelrad.shop\/be-fr\/\"},{\"@type\":\"ListItem\",\"position\":2,\"name\":\"Shop\",\"item\":\"https:\/\/www.stelrad.shop\/fr\/magasin\/\"},{\"@type\":\"ListItem\",\"position\":3,\"name\":\"Pied r\u00e9glable noir type 22-44 pour montage au sols finis &#8211; 2 pi\u00e8ces\"}]},{\"@type\":\"WebSite\",\"@id\":\"https:\/\/www.stelrad.shop\/be-fr\/#website\",\"url\":\"https:\/\/www.stelrad.shop\/be-fr\/\",\"name\":\"Stelrad Shop\",\"description\":\"\",\"publisher\":{\"@id\":\"https:\/\/www.stelrad.shop\/be-fr\/#organization\"},\"potentialAction\":[{\"@type\":\"SearchAction\",\"target\":{\"@type\":\"EntryPoint\",\"urlTemplate\":\"https:\/\/www.stelrad.shop\/be-fr\/?s={search_term_string}\"},\"query-input\":{\"@type\":\"PropertyValueSpecification\",\"valueRequired\":true,\"valueName\":\"search_term_string\"}}],\"inLanguage\":\"fr-BE\"},{\"@type\":\"Organization\",\"@id\":\"https:\/\/www.stelrad.shop\/be-fr\/#organization\",\"name\":\"Stelrad\",\"url\":\"https:\/\/www.stelrad.shop\/be-fr\/\",\"logo\":{\"@type\":\"ImageObject\",\"inLanguage\":\"fr-BE\",\"@id\":\"https:\/\/www.stelrad.shop\/be-fr\/#\/schema\/logo\/image\/\",\"url\":\"https:\/\/www.stelrad.shop\/wp-content\/uploads\/2019\/06\/logo.png\",\"contentUrl\":\"https:\/\/www.stelrad.shop\/wp-content\/uploads\/2019\/06\/logo.png\",\"width\":46,\"height\":46,\"caption\":\"Stelrad\"},\"image\":{\"@id\":\"https:\/\/www.stelrad.shop\/be-fr\/#\/schema\/logo\/image\/\"}}]}<\/script>\n<!-- \/ Yoast SEO plugin. -->","yoast_head_json":{"title":"Pied r\u00e9glable noir type 22-44 pour montage au sols finis - 2 pi\u00e8ces |","description":"Pied r\u00e9glable noir type 22-44 pour montage au sols finis - 2 pi\u00e8ces - enduit de poudre, compos\u00e9 de 2 pinces int\u00e9rieures avec insert amortisseur","robots":{"index":"index","follow":"follow","max-snippet":"max-snippet:-1","max-image-preview":"max-image-preview:large","max-video-preview":"max-video-preview:-1"},"canonical":"https:\/\/www.stelrad.shop\/be-fr\/product\/console-support-noir-t22-44-pour-installation-au-sol-2-pieces\/","og_locale":"fr_FR","og_type":"article","og_title":"Pied r\u00e9glable noir type 22-44 pour montage au sols finis - 2 pi\u00e8ces |","og_description":"Pied r\u00e9glable noir type 22-44 pour montage au sols finis - 2 pi\u00e8ces - enduit de poudre, compos\u00e9 de 2 pinces int\u00e9rieures avec insert amortisseur","og_url":"https:\/\/www.stelrad.shop\/be-fr\/product\/console-support-noir-t22-44-pour-installation-au-sol-2-pieces\/","og_site_name":"Stelrad Shop","article_modified_time":"2026-01-26T05:00:03+00:00","twitter_card":"summary_large_image","schema":{"@context":"https:\/\/schema.org","@graph":[{"@type":"WebPage","@id":"https:\/\/www.stelrad.shop\/be-fr\/product\/console-support-noir-t22-44-pour-installation-au-sol-2-pieces\/","url":"https:\/\/www.stelrad.shop\/be-fr\/product\/console-support-noir-t22-44-pour-installation-au-sol-2-pieces\/","name":"Pied r\u00e9glable noir type 22-44 pour montage au sols finis - 2 pi\u00e8ces |","isPartOf":{"@id":"https:\/\/www.stelrad.shop\/be-fr\/#website"},"primaryImageOfPage":{"@id":"https:\/\/www.stelrad.shop\/be-fr\/product\/console-support-noir-t22-44-pour-installation-au-sol-2-pieces\/#primaryimage"},"image":{"@id":"https:\/\/www.stelrad.shop\/be-fr\/product\/console-support-noir-t22-44-pour-installation-au-sol-2-pieces\/#primaryimage"},"thumbnailUrl":"https:\/\/www.stelrad.shop\/wp-content\/uploads\/T1660.jpg","datePublished":"2018-09-13T09:48:52+00:00","dateModified":"2026-01-26T05:00:03+00:00","description":"Pied r\u00e9glable noir type 22-44 pour montage au sols finis - 2 pi\u00e8ces - enduit de poudre, compos\u00e9 de 2 pinces int\u00e9rieures avec insert amortisseur","breadcrumb":{"@id":"https:\/\/www.stelrad.shop\/be-fr\/product\/console-support-noir-t22-44-pour-installation-au-sol-2-pieces\/#breadcrumb"},"inLanguage":"fr-BE","potentialAction":[{"@type":"ReadAction","target":["https:\/\/www.stelrad.shop\/be-fr\/product\/console-support-noir-t22-44-pour-installation-au-sol-2-pieces\/"]}]},{"@type":"ImageObject","inLanguage":"fr-BE","@id":"https:\/\/www.stelrad.shop\/be-fr\/product\/console-support-noir-t22-44-pour-installation-au-sol-2-pieces\/#primaryimage","url":"https:\/\/www.stelrad.shop\/wp-content\/uploads\/T1660.jpg","contentUrl":"https:\/\/www.stelrad.shop\/wp-content\/uploads\/T1660.jpg","width":1772,"height":1772,"caption":"Standkonsole Schwarz"},{"@type":"BreadcrumbList","@id":"https:\/\/www.stelrad.shop\/be-fr\/product\/console-support-noir-t22-44-pour-installation-au-sol-2-pieces\/#breadcrumb","itemListElement":[{"@type":"ListItem","position":1,"name":"Home","item":"https:\/\/www.stelrad.shop\/be-fr\/"},{"@type":"ListItem","position":2,"name":"Shop","item":"https:\/\/www.stelrad.shop\/fr\/magasin\/"},{"@type":"ListItem","position":3,"name":"Pied r\u00e9glable noir type 22-44 pour montage au sols finis &#8211; 2 pi\u00e8ces"}]},{"@type":"WebSite","@id":"https:\/\/www.stelrad.shop\/be-fr\/#website","url":"https:\/\/www.stelrad.shop\/be-fr\/","name":"Stelrad Shop","description":"","publisher":{"@id":"https:\/\/www.stelrad.shop\/be-fr\/#organization"},"potentialAction":[{"@type":"SearchAction","target":{"@type":"EntryPoint","urlTemplate":"https:\/\/www.stelrad.shop\/be-fr\/?s={search_term_string}"},"query-input":{"@type":"PropertyValueSpecification","valueRequired":true,"valueName":"search_term_string"}}],"inLanguage":"fr-BE"},{"@type":"Organization","@id":"https:\/\/www.stelrad.shop\/be-fr\/#organization","name":"Stelrad","url":"https:\/\/www.stelrad.shop\/be-fr\/","logo":{"@type":"ImageObject","inLanguage":"fr-BE","@id":"https:\/\/www.stelrad.shop\/be-fr\/#\/schema\/logo\/image\/","url":"https:\/\/www.stelrad.shop\/wp-content\/uploads\/2019\/06\/logo.png","contentUrl":"https:\/\/www.stelrad.shop\/wp-content\/uploads\/2019\/06\/logo.png","width":46,"height":46,"caption":"Stelrad"},"image":{"@id":"https:\/\/www.stelrad.shop\/be-fr\/#\/schema\/logo\/image\/"}}]}},"_links":{"self":[{"href":"https:\/\/www.stelrad.shop\/be-fr\/wp-json\/wp\/v2\/product\/12001","targetHints":{"allow":["GET"]}}],"collection":[{"href":"https:\/\/www.stelrad.shop\/be-fr\/wp-json\/wp\/v2\/product"}],"about":[{"href":"https:\/\/www.stelrad.shop\/be-fr\/wp-json\/wp\/v2\/types\/product"}],"wp:featuredmedia":[{"embeddable":true,"href":"https:\/\/www.stelrad.shop\/be-fr\/wp-json\/wp\/v2\/media\/3760"}],"wp:attachment":[{"href":"https:\/\/www.stelrad.shop\/be-fr\/wp-json\/wp\/v2\/media?parent=12001"}],"wp:term":[{"taxonomy":"product_brand","embeddable":true,"href":"https:\/\/www.stelrad.shop\/be-fr\/wp-json\/wp\/v2\/product_brand?post=12001"},{"taxonomy":"product_cat","embeddable":true,"href":"https:\/\/www.stelrad.shop\/be-fr\/wp-json\/wp\/v2\/product_cat?post=12001"},{"taxonomy":"product_tag","embeddable":true,"href":"https:\/\/www.stelrad.shop\/be-fr\/wp-json\/wp\/v2\/product_tag?post=12001"},{"taxonomy":"media-category","embeddable":true,"href":"https:\/\/www.stelrad.shop\/be-fr\/wp-json\/wp\/v2\/media-category?post=12001"}],"curies":[{"name":"wp","href":"https:\/\/api.w.org\/{rel}","templated":true}]}}