{"id":11990,"date":"2018-10-18T12:39:38","date_gmt":"2018-10-18T12:39:38","guid":{"rendered":"https:\/\/www.stelrad.shop\/product\/porte-serviettes-slim-aluminium-noir\/"},"modified":"2026-01-26T06:00:03","modified_gmt":"2026-01-26T05:00:03","slug":"porte-serviettes-slim-aluminium-noir","status":"publish","type":"product","link":"https:\/\/www.stelrad.shop\/be-fr\/product\/porte-serviettes-slim-aluminium-noir\/","title":{"rendered":"Barre s\u00e8che-serviette noir pour Planar Slim ECO et Vertex Slim"},"content":{"rendered":"<p>Barre s\u00e8che-serviette noir pour Planar Slim ECO (pour longueur 670, 870 et 1070mm) et Vertex Slim. Le porte-serviettes en aluminium est rev\u00eatu de poudre en Stelrad Noir SN170 Livr\u00e9 avec des vis.<\/p>\n","protected":false},"excerpt":{"rendered":"<p>Barre s\u00e8che-serviette Slim Alu noir<\/p>\n","protected":false},"featured_media":1430,"template":"","meta":[],"product_brand":[],"product_cat":[1489,1491,1490],"product_tag":[],"media-category":[1136,1148],"class_list":{"0":"post-11990","1":"product","2":"type-product","3":"status-publish","4":"has-post-thumbnail","6":"product_cat-barres-seche-serviette-be-fr","7":"product_cat-planar-slim-eco","8":"product_cat-vertex-slim","9":"pa_baulange-1664","10":"pa_baulange-1671","11":"pa_baulange-1591","12":"pa_baulange-1667","13":"pa_baulange-1592","14":"pa_baulange-1668","15":"pa_baulange-1593","16":"pa_baulange-1669","17":"pa_baulange-1663","18":"pa_baulange-1670","19":"media-category-planar-slim-eco","20":"media-category-vertex-slim","22":"first","23":"instock","24":"taxable","25":"shipping-taxable","26":"purchasable","27":"product-type-variable"},"yoast_head":"<!-- This site is optimized with the Yoast SEO plugin v26.8 - https:\/\/yoast.com\/product\/yoast-seo-wordpress\/ -->\n<title>Barre s\u00e8che-serviette noir pour Planar Slim ECO et Vertex Slim |<\/title>\n<meta name=\"description\" content=\"Barre s\u00e8che-serviette pour radiateurs Planar Slim ECO et Vertex Slim. Le porte-serviettes en aluminium est rev\u00eatu de poudre en Stelrad Noir SN170\" \/>\n<meta name=\"robots\" content=\"index, follow, max-snippet:-1, max-image-preview:large, max-video-preview:-1\" \/>\n<link rel=\"canonical\" href=\"https:\/\/www.stelrad.shop\/be-fr\/product\/porte-serviettes-slim-aluminium-noir\/\" \/>\n<meta property=\"og:locale\" content=\"fr_FR\" \/>\n<meta property=\"og:type\" content=\"article\" \/>\n<meta property=\"og:title\" content=\"Barre s\u00e8che-serviette noir pour Planar Slim ECO et Vertex Slim |\" \/>\n<meta property=\"og:description\" content=\"Barre s\u00e8che-serviette pour radiateurs Planar Slim ECO et Vertex Slim. Le porte-serviettes en aluminium est rev\u00eatu de poudre en Stelrad Noir SN170\" \/>\n<meta property=\"og:url\" content=\"https:\/\/www.stelrad.shop\/be-fr\/product\/porte-serviettes-slim-aluminium-noir\/\" \/>\n<meta property=\"og:site_name\" content=\"Stelrad Shop\" \/>\n<meta property=\"article:modified_time\" content=\"2026-01-26T05:00:03+00:00\" \/>\n<meta name=\"twitter:card\" content=\"summary_large_image\" \/>\n<script type=\"application\/ld+json\" class=\"yoast-schema-graph\">{\"@context\":\"https:\/\/schema.org\",\"@graph\":[{\"@type\":\"WebPage\",\"@id\":\"https:\/\/www.stelrad.shop\/be-fr\/product\/porte-serviettes-slim-aluminium-noir\/\",\"url\":\"https:\/\/www.stelrad.shop\/be-fr\/product\/porte-serviettes-slim-aluminium-noir\/\",\"name\":\"Barre s\u00e8che-serviette noir pour Planar Slim ECO et Vertex Slim |\",\"isPartOf\":{\"@id\":\"https:\/\/www.stelrad.shop\/be-fr\/#website\"},\"primaryImageOfPage\":{\"@id\":\"https:\/\/www.stelrad.shop\/be-fr\/product\/porte-serviettes-slim-aluminium-noir\/#primaryimage\"},\"image\":{\"@id\":\"https:\/\/www.stelrad.shop\/be-fr\/product\/porte-serviettes-slim-aluminium-noir\/#primaryimage\"},\"thumbnailUrl\":\"https:\/\/www.stelrad.shop\/wp-content\/uploads\/T1161AA-SN170.jpg\",\"datePublished\":\"2018-10-18T12:39:38+00:00\",\"dateModified\":\"2026-01-26T05:00:03+00:00\",\"description\":\"Barre s\u00e8che-serviette pour radiateurs Planar Slim ECO et Vertex Slim. Le porte-serviettes en aluminium est rev\u00eatu de poudre en Stelrad Noir SN170\",\"breadcrumb\":{\"@id\":\"https:\/\/www.stelrad.shop\/be-fr\/product\/porte-serviettes-slim-aluminium-noir\/#breadcrumb\"},\"inLanguage\":\"fr-BE\",\"potentialAction\":[{\"@type\":\"ReadAction\",\"target\":[\"https:\/\/www.stelrad.shop\/be-fr\/product\/porte-serviettes-slim-aluminium-noir\/\"]}]},{\"@type\":\"ImageObject\",\"inLanguage\":\"fr-BE\",\"@id\":\"https:\/\/www.stelrad.shop\/be-fr\/product\/porte-serviettes-slim-aluminium-noir\/#primaryimage\",\"url\":\"https:\/\/www.stelrad.shop\/wp-content\/uploads\/T1161AA-SN170.jpg\",\"contentUrl\":\"https:\/\/www.stelrad.shop\/wp-content\/uploads\/T1161AA-SN170.jpg\",\"width\":1772,\"height\":1772,\"caption\":\"Schwarze Handtuchhalter f\u00fcr Planar Slim ECO und Vertex Slim\"},{\"@type\":\"BreadcrumbList\",\"@id\":\"https:\/\/www.stelrad.shop\/be-fr\/product\/porte-serviettes-slim-aluminium-noir\/#breadcrumb\",\"itemListElement\":[{\"@type\":\"ListItem\",\"position\":1,\"name\":\"Home\",\"item\":\"https:\/\/www.stelrad.shop\/be-fr\/\"},{\"@type\":\"ListItem\",\"position\":2,\"name\":\"Shop\",\"item\":\"https:\/\/www.stelrad.shop\/fr\/magasin\/\"},{\"@type\":\"ListItem\",\"position\":3,\"name\":\"Barre s\u00e8che-serviette noir pour Planar Slim ECO et Vertex Slim\"}]},{\"@type\":\"WebSite\",\"@id\":\"https:\/\/www.stelrad.shop\/be-fr\/#website\",\"url\":\"https:\/\/www.stelrad.shop\/be-fr\/\",\"name\":\"Stelrad Shop\",\"description\":\"\",\"publisher\":{\"@id\":\"https:\/\/www.stelrad.shop\/be-fr\/#organization\"},\"potentialAction\":[{\"@type\":\"SearchAction\",\"target\":{\"@type\":\"EntryPoint\",\"urlTemplate\":\"https:\/\/www.stelrad.shop\/be-fr\/?s={search_term_string}\"},\"query-input\":{\"@type\":\"PropertyValueSpecification\",\"valueRequired\":true,\"valueName\":\"search_term_string\"}}],\"inLanguage\":\"fr-BE\"},{\"@type\":\"Organization\",\"@id\":\"https:\/\/www.stelrad.shop\/be-fr\/#organization\",\"name\":\"Stelrad\",\"url\":\"https:\/\/www.stelrad.shop\/be-fr\/\",\"logo\":{\"@type\":\"ImageObject\",\"inLanguage\":\"fr-BE\",\"@id\":\"https:\/\/www.stelrad.shop\/be-fr\/#\/schema\/logo\/image\/\",\"url\":\"https:\/\/www.stelrad.shop\/wp-content\/uploads\/2019\/06\/logo.png\",\"contentUrl\":\"https:\/\/www.stelrad.shop\/wp-content\/uploads\/2019\/06\/logo.png\",\"width\":46,\"height\":46,\"caption\":\"Stelrad\"},\"image\":{\"@id\":\"https:\/\/www.stelrad.shop\/be-fr\/#\/schema\/logo\/image\/\"}}]}<\/script>\n<!-- \/ Yoast SEO plugin. -->","yoast_head_json":{"title":"Barre s\u00e8che-serviette noir pour Planar Slim ECO et Vertex Slim |","description":"Barre s\u00e8che-serviette pour radiateurs Planar Slim ECO et Vertex Slim. Le porte-serviettes en aluminium est rev\u00eatu de poudre en Stelrad Noir SN170","robots":{"index":"index","follow":"follow","max-snippet":"max-snippet:-1","max-image-preview":"max-image-preview:large","max-video-preview":"max-video-preview:-1"},"canonical":"https:\/\/www.stelrad.shop\/be-fr\/product\/porte-serviettes-slim-aluminium-noir\/","og_locale":"fr_FR","og_type":"article","og_title":"Barre s\u00e8che-serviette noir pour Planar Slim ECO et Vertex Slim |","og_description":"Barre s\u00e8che-serviette pour radiateurs Planar Slim ECO et Vertex Slim. Le porte-serviettes en aluminium est rev\u00eatu de poudre en Stelrad Noir SN170","og_url":"https:\/\/www.stelrad.shop\/be-fr\/product\/porte-serviettes-slim-aluminium-noir\/","og_site_name":"Stelrad Shop","article_modified_time":"2026-01-26T05:00:03+00:00","twitter_card":"summary_large_image","schema":{"@context":"https:\/\/schema.org","@graph":[{"@type":"WebPage","@id":"https:\/\/www.stelrad.shop\/be-fr\/product\/porte-serviettes-slim-aluminium-noir\/","url":"https:\/\/www.stelrad.shop\/be-fr\/product\/porte-serviettes-slim-aluminium-noir\/","name":"Barre s\u00e8che-serviette noir pour Planar Slim ECO et Vertex Slim |","isPartOf":{"@id":"https:\/\/www.stelrad.shop\/be-fr\/#website"},"primaryImageOfPage":{"@id":"https:\/\/www.stelrad.shop\/be-fr\/product\/porte-serviettes-slim-aluminium-noir\/#primaryimage"},"image":{"@id":"https:\/\/www.stelrad.shop\/be-fr\/product\/porte-serviettes-slim-aluminium-noir\/#primaryimage"},"thumbnailUrl":"https:\/\/www.stelrad.shop\/wp-content\/uploads\/T1161AA-SN170.jpg","datePublished":"2018-10-18T12:39:38+00:00","dateModified":"2026-01-26T05:00:03+00:00","description":"Barre s\u00e8che-serviette pour radiateurs Planar Slim ECO et Vertex Slim. Le porte-serviettes en aluminium est rev\u00eatu de poudre en Stelrad Noir SN170","breadcrumb":{"@id":"https:\/\/www.stelrad.shop\/be-fr\/product\/porte-serviettes-slim-aluminium-noir\/#breadcrumb"},"inLanguage":"fr-BE","potentialAction":[{"@type":"ReadAction","target":["https:\/\/www.stelrad.shop\/be-fr\/product\/porte-serviettes-slim-aluminium-noir\/"]}]},{"@type":"ImageObject","inLanguage":"fr-BE","@id":"https:\/\/www.stelrad.shop\/be-fr\/product\/porte-serviettes-slim-aluminium-noir\/#primaryimage","url":"https:\/\/www.stelrad.shop\/wp-content\/uploads\/T1161AA-SN170.jpg","contentUrl":"https:\/\/www.stelrad.shop\/wp-content\/uploads\/T1161AA-SN170.jpg","width":1772,"height":1772,"caption":"Schwarze Handtuchhalter f\u00fcr Planar Slim ECO und Vertex Slim"},{"@type":"BreadcrumbList","@id":"https:\/\/www.stelrad.shop\/be-fr\/product\/porte-serviettes-slim-aluminium-noir\/#breadcrumb","itemListElement":[{"@type":"ListItem","position":1,"name":"Home","item":"https:\/\/www.stelrad.shop\/be-fr\/"},{"@type":"ListItem","position":2,"name":"Shop","item":"https:\/\/www.stelrad.shop\/fr\/magasin\/"},{"@type":"ListItem","position":3,"name":"Barre s\u00e8che-serviette noir pour Planar Slim ECO et Vertex Slim"}]},{"@type":"WebSite","@id":"https:\/\/www.stelrad.shop\/be-fr\/#website","url":"https:\/\/www.stelrad.shop\/be-fr\/","name":"Stelrad Shop","description":"","publisher":{"@id":"https:\/\/www.stelrad.shop\/be-fr\/#organization"},"potentialAction":[{"@type":"SearchAction","target":{"@type":"EntryPoint","urlTemplate":"https:\/\/www.stelrad.shop\/be-fr\/?s={search_term_string}"},"query-input":{"@type":"PropertyValueSpecification","valueRequired":true,"valueName":"search_term_string"}}],"inLanguage":"fr-BE"},{"@type":"Organization","@id":"https:\/\/www.stelrad.shop\/be-fr\/#organization","name":"Stelrad","url":"https:\/\/www.stelrad.shop\/be-fr\/","logo":{"@type":"ImageObject","inLanguage":"fr-BE","@id":"https:\/\/www.stelrad.shop\/be-fr\/#\/schema\/logo\/image\/","url":"https:\/\/www.stelrad.shop\/wp-content\/uploads\/2019\/06\/logo.png","contentUrl":"https:\/\/www.stelrad.shop\/wp-content\/uploads\/2019\/06\/logo.png","width":46,"height":46,"caption":"Stelrad"},"image":{"@id":"https:\/\/www.stelrad.shop\/be-fr\/#\/schema\/logo\/image\/"}}]}},"_links":{"self":[{"href":"https:\/\/www.stelrad.shop\/be-fr\/wp-json\/wp\/v2\/product\/11990","targetHints":{"allow":["GET"]}}],"collection":[{"href":"https:\/\/www.stelrad.shop\/be-fr\/wp-json\/wp\/v2\/product"}],"about":[{"href":"https:\/\/www.stelrad.shop\/be-fr\/wp-json\/wp\/v2\/types\/product"}],"wp:featuredmedia":[{"embeddable":true,"href":"https:\/\/www.stelrad.shop\/be-fr\/wp-json\/wp\/v2\/media\/1430"}],"wp:attachment":[{"href":"https:\/\/www.stelrad.shop\/be-fr\/wp-json\/wp\/v2\/media?parent=11990"}],"wp:term":[{"taxonomy":"product_brand","embeddable":true,"href":"https:\/\/www.stelrad.shop\/be-fr\/wp-json\/wp\/v2\/product_brand?post=11990"},{"taxonomy":"product_cat","embeddable":true,"href":"https:\/\/www.stelrad.shop\/be-fr\/wp-json\/wp\/v2\/product_cat?post=11990"},{"taxonomy":"product_tag","embeddable":true,"href":"https:\/\/www.stelrad.shop\/be-fr\/wp-json\/wp\/v2\/product_tag?post=11990"},{"taxonomy":"media-category","embeddable":true,"href":"https:\/\/www.stelrad.shop\/be-fr\/wp-json\/wp\/v2\/media-category?post=11990"}],"curies":[{"name":"wp","href":"https:\/\/api.w.org\/{rel}","templated":true}]}}