{"id":11957,"date":"2018-10-19T13:26:30","date_gmt":"2018-10-19T13:26:30","guid":{"rendered":"https:\/\/www.stelrad.shop\/product\/tube-de-vidange-pour-purgeur-permanent\/"},"modified":"2026-01-26T05:59:55","modified_gmt":"2026-01-26T04:59:55","slug":"tube-de-vidange-pour-purgeur-permanent","status":"publish","type":"product","link":"https:\/\/www.stelrad.shop\/be-fr\/product\/tube-de-vidange-pour-purgeur-permanent\/","title":{"rendered":"Tube de vidange pour purgeur permanent (Pas pour ECO)"},"content":{"rendered":"<p>Tube de vidange pour purgeur permanent (Pas pour ECO) (<a href=\"https:\/\/www.stelrad.shop\/fr\/produit\/purgeur-permanent\/\">T2153<\/a>). Un ouvre-vanne avec une tube est raccord\u00e9 pour une purge manuelle rapide du radiateur, par exemple pendant la mise en service, l&rsquo;air et l&rsquo;eau de pulv\u00e9risation peuvent \u00eatre introduits proprement dans un r\u00e9cipient. Ceci est facile \u00e0 connecter au purgeur permanent pour purger le radiateur la premi\u00e8re fois. La purge automatique ne peut \u00e9liminer qu&rsquo;une quantit\u00e9 limit\u00e9e d&rsquo;air de votre syst\u00e8me par unit\u00e9 de temps. S&rsquo;il y a trop d&rsquo;air dans le syst\u00e8me plus tard, vous pouvez toujours le retirer du syst\u00e8me avec ce tube.<\/p>\n","protected":false},"excerpt":{"rendered":"<p>Tube de vidange pour purgeur permanent<\/p>\n","protected":false},"featured_media":1484,"template":"","meta":[],"product_brand":[],"product_cat":[1572,1629,1630,1631,1632,1633,1634,1635,1636,1637,1638,1639,1640,1641,1642,1576,1577,1579,1580,1581,1583,1584,1586,1588,1589,1590,1643,1644,1645,1646,1647,1648,1649,1650,1651,1652],"product_tag":[],"media-category":[1156,1107,1109,1110,1111,1112,1113,1116,1117,1118,1119,1120,1121,1124,1127,1128,1131,1132,1133,1135,1301,1139,1305,1140,1141,1143,1144,1146,1148,1149,1150,1151,1152],"class_list":{"0":"post-11957","1":"product","2":"type-product","3":"status-publish","4":"has-post-thumbnail","6":"product_cat-accessoires-de-connexion-fr-be","7":"product_cat-accord-all-in-anschlusszubehor","8":"product_cat-almada","9":"product_cat-compact-all-in-anschlusszubehor","10":"product_cat-compact-planar-anschlusszubehor","11":"product_cat-compact-style-anschlusszubehor","12":"product_cat-compact-vento-anschlusszubehor","13":"product_cat-dahlia-anschlusszubehor","14":"product_cat-dahlia-ct","15":"product_cat-galva-anschlusszubehor","16":"product_cat-gilia-double","17":"product_cat-gilia-single","18":"product_cat-horta-vertical","19":"product_cat-hygiene-anschlusszubehor","20":"product_cat-hygiene-galva-anschlusszubehor","21":"product_cat-novello-3","22":"product_cat-novello-8-anschlusszubehor","23":"product_cat-novello-plinth-3","24":"product_cat-planar","25":"product_cat-planar-8-anschlusszubehor","26":"product_cat-planar-plinth-3","27":"product_cat-planar-plinth-d-3","28":"product_cat-planar-style-8-anschlusszubehor","29":"product_cat-planar-style-plinth-3","30":"product_cat-planar-style-plinth-d-3","31":"product_cat-planar-vento-anschlusszubehor","32":"product_cat-reno-anschlusszubehor","33":"product_cat-valeriana-anschlusszubehor","34":"product_cat-valeriana-ct","35":"product_cat-vertex","36":"product_cat-vertex-plan","37":"product_cat-vertex-slim","38":"product_cat-vertex-style","39":"product_cat-vertex-swing","40":"product_cat-vertex-tango","41":"product_cat-vertical-galva","42":"product_shipping_class-1517","43":"media-category-accord-all-in","44":"media-category-almada","45":"media-category-compact-all-in","46":"media-category-compact-planar","47":"media-category-compact-style","48":"media-category-compact-vento","49":"media-category-dahlia","50":"media-category-eco-galva","51":"media-category-galva","52":"media-category-gilia-double","53":"media-category-gilia-single","54":"media-category-horta-vertical","55":"media-category-hygiene","56":"media-category-hygiene-galva","57":"media-category-novello","58":"media-category-novello-8","59":"media-category-novello-plinth","60":"media-category-planar","61":"media-category-planar-8","62":"media-category-planar-plinth","63":"media-category-planar-plinth-double","64":"media-category-planar-style-plinth","65":"media-category-planar-style-plinth-double","66":"media-category-planar-vento","67":"media-category-reno","68":"media-category-valeriana","69":"media-category-vertex","70":"media-category-vertex-plan","71":"media-category-vertex-slim","72":"media-category-vertex-style","73":"media-category-vertex-swing","74":"media-category-vertex-tango","75":"media-category-vertical-galva","77":"first","78":"instock","79":"sale","80":"taxable","81":"shipping-taxable","82":"purchasable","83":"product-type-simple"},"yoast_head":"<!-- This site is optimized with the Yoast SEO plugin v26.8 - https:\/\/yoast.com\/product\/yoast-seo-wordpress\/ -->\n<title>Tube de vidange pour purgeur permanent (T2153) |<\/title>\n<meta name=\"description\" content=\"Tube de vidange pour purgeur permanent. Ceci est facile \u00e0 connecter au purgeur permanent pour purger le radiateur la premi\u00e8re fois.\" \/>\n<meta name=\"robots\" content=\"index, follow, max-snippet:-1, max-image-preview:large, max-video-preview:-1\" \/>\n<link rel=\"canonical\" href=\"https:\/\/www.stelrad.shop\/be-fr\/product\/tube-de-vidange-pour-purgeur-permanent\/\" \/>\n<meta property=\"og:locale\" content=\"fr_FR\" \/>\n<meta property=\"og:type\" content=\"article\" \/>\n<meta property=\"og:title\" content=\"Tube de vidange pour purgeur permanent (T2153) |\" \/>\n<meta property=\"og:description\" content=\"Tube de vidange pour purgeur permanent. Ceci est facile \u00e0 connecter au purgeur permanent pour purger le radiateur la premi\u00e8re fois.\" \/>\n<meta property=\"og:url\" content=\"https:\/\/www.stelrad.shop\/be-fr\/product\/tube-de-vidange-pour-purgeur-permanent\/\" \/>\n<meta property=\"og:site_name\" content=\"Stelrad Shop\" \/>\n<meta property=\"article:modified_time\" content=\"2026-01-26T04:59:55+00:00\" \/>\n<meta name=\"twitter:card\" content=\"summary_large_image\" \/>\n<meta name=\"twitter:label1\" content=\"Dur\u00e9e de lecture est.\" \/>\n\t<meta name=\"twitter:data1\" content=\"1 minute\" \/>\n<script type=\"application\/ld+json\" class=\"yoast-schema-graph\">{\"@context\":\"https:\/\/schema.org\",\"@graph\":[{\"@type\":\"WebPage\",\"@id\":\"https:\/\/www.stelrad.shop\/be-fr\/product\/tube-de-vidange-pour-purgeur-permanent\/\",\"url\":\"https:\/\/www.stelrad.shop\/be-fr\/product\/tube-de-vidange-pour-purgeur-permanent\/\",\"name\":\"Tube de vidange pour purgeur permanent (T2153) |\",\"isPartOf\":{\"@id\":\"https:\/\/www.stelrad.shop\/be-fr\/#website\"},\"primaryImageOfPage\":{\"@id\":\"https:\/\/www.stelrad.shop\/be-fr\/product\/tube-de-vidange-pour-purgeur-permanent\/#primaryimage\"},\"image\":{\"@id\":\"https:\/\/www.stelrad.shop\/be-fr\/product\/tube-de-vidange-pour-purgeur-permanent\/#primaryimage\"},\"thumbnailUrl\":\"https:\/\/www.stelrad.shop\/wp-content\/uploads\/T2154.jpg\",\"datePublished\":\"2018-10-19T13:26:30+00:00\",\"dateModified\":\"2026-01-26T04:59:55+00:00\",\"description\":\"Tube de vidange pour purgeur permanent. Ceci est facile \u00e0 connecter au purgeur permanent pour purger le radiateur la premi\u00e8re fois.\",\"breadcrumb\":{\"@id\":\"https:\/\/www.stelrad.shop\/be-fr\/product\/tube-de-vidange-pour-purgeur-permanent\/#breadcrumb\"},\"inLanguage\":\"fr-BE\",\"potentialAction\":[{\"@type\":\"ReadAction\",\"target\":[\"https:\/\/www.stelrad.shop\/be-fr\/product\/tube-de-vidange-pour-purgeur-permanent\/\"]}]},{\"@type\":\"ImageObject\",\"inLanguage\":\"fr-BE\",\"@id\":\"https:\/\/www.stelrad.shop\/be-fr\/product\/tube-de-vidange-pour-purgeur-permanent\/#primaryimage\",\"url\":\"https:\/\/www.stelrad.shop\/wp-content\/uploads\/T2154.jpg\",\"contentUrl\":\"https:\/\/www.stelrad.shop\/wp-content\/uploads\/T2154.jpg\",\"width\":1772,\"height\":1772,\"caption\":\"Entleerungsschlauch f\u00fcr Dauerentl\u00fcfter\"},{\"@type\":\"BreadcrumbList\",\"@id\":\"https:\/\/www.stelrad.shop\/be-fr\/product\/tube-de-vidange-pour-purgeur-permanent\/#breadcrumb\",\"itemListElement\":[{\"@type\":\"ListItem\",\"position\":1,\"name\":\"Home\",\"item\":\"https:\/\/www.stelrad.shop\/be-fr\/\"},{\"@type\":\"ListItem\",\"position\":2,\"name\":\"Shop\",\"item\":\"https:\/\/www.stelrad.shop\/fr\/magasin\/\"},{\"@type\":\"ListItem\",\"position\":3,\"name\":\"Tube de vidange pour purgeur permanent (Pas pour ECO)\"}]},{\"@type\":\"WebSite\",\"@id\":\"https:\/\/www.stelrad.shop\/be-fr\/#website\",\"url\":\"https:\/\/www.stelrad.shop\/be-fr\/\",\"name\":\"Stelrad Shop\",\"description\":\"\",\"publisher\":{\"@id\":\"https:\/\/www.stelrad.shop\/be-fr\/#organization\"},\"potentialAction\":[{\"@type\":\"SearchAction\",\"target\":{\"@type\":\"EntryPoint\",\"urlTemplate\":\"https:\/\/www.stelrad.shop\/be-fr\/?s={search_term_string}\"},\"query-input\":{\"@type\":\"PropertyValueSpecification\",\"valueRequired\":true,\"valueName\":\"search_term_string\"}}],\"inLanguage\":\"fr-BE\"},{\"@type\":\"Organization\",\"@id\":\"https:\/\/www.stelrad.shop\/be-fr\/#organization\",\"name\":\"Stelrad\",\"url\":\"https:\/\/www.stelrad.shop\/be-fr\/\",\"logo\":{\"@type\":\"ImageObject\",\"inLanguage\":\"fr-BE\",\"@id\":\"https:\/\/www.stelrad.shop\/be-fr\/#\/schema\/logo\/image\/\",\"url\":\"https:\/\/www.stelrad.shop\/wp-content\/uploads\/2019\/06\/logo.png\",\"contentUrl\":\"https:\/\/www.stelrad.shop\/wp-content\/uploads\/2019\/06\/logo.png\",\"width\":46,\"height\":46,\"caption\":\"Stelrad\"},\"image\":{\"@id\":\"https:\/\/www.stelrad.shop\/be-fr\/#\/schema\/logo\/image\/\"}}]}<\/script>\n<!-- \/ Yoast SEO plugin. -->","yoast_head_json":{"title":"Tube de vidange pour purgeur permanent (T2153) |","description":"Tube de vidange pour purgeur permanent. Ceci est facile \u00e0 connecter au purgeur permanent pour purger le radiateur la premi\u00e8re fois.","robots":{"index":"index","follow":"follow","max-snippet":"max-snippet:-1","max-image-preview":"max-image-preview:large","max-video-preview":"max-video-preview:-1"},"canonical":"https:\/\/www.stelrad.shop\/be-fr\/product\/tube-de-vidange-pour-purgeur-permanent\/","og_locale":"fr_FR","og_type":"article","og_title":"Tube de vidange pour purgeur permanent (T2153) |","og_description":"Tube de vidange pour purgeur permanent. Ceci est facile \u00e0 connecter au purgeur permanent pour purger le radiateur la premi\u00e8re fois.","og_url":"https:\/\/www.stelrad.shop\/be-fr\/product\/tube-de-vidange-pour-purgeur-permanent\/","og_site_name":"Stelrad Shop","article_modified_time":"2026-01-26T04:59:55+00:00","twitter_card":"summary_large_image","twitter_misc":{"Dur\u00e9e de lecture est.":"1 minute"},"schema":{"@context":"https:\/\/schema.org","@graph":[{"@type":"WebPage","@id":"https:\/\/www.stelrad.shop\/be-fr\/product\/tube-de-vidange-pour-purgeur-permanent\/","url":"https:\/\/www.stelrad.shop\/be-fr\/product\/tube-de-vidange-pour-purgeur-permanent\/","name":"Tube de vidange pour purgeur permanent (T2153) |","isPartOf":{"@id":"https:\/\/www.stelrad.shop\/be-fr\/#website"},"primaryImageOfPage":{"@id":"https:\/\/www.stelrad.shop\/be-fr\/product\/tube-de-vidange-pour-purgeur-permanent\/#primaryimage"},"image":{"@id":"https:\/\/www.stelrad.shop\/be-fr\/product\/tube-de-vidange-pour-purgeur-permanent\/#primaryimage"},"thumbnailUrl":"https:\/\/www.stelrad.shop\/wp-content\/uploads\/T2154.jpg","datePublished":"2018-10-19T13:26:30+00:00","dateModified":"2026-01-26T04:59:55+00:00","description":"Tube de vidange pour purgeur permanent. Ceci est facile \u00e0 connecter au purgeur permanent pour purger le radiateur la premi\u00e8re fois.","breadcrumb":{"@id":"https:\/\/www.stelrad.shop\/be-fr\/product\/tube-de-vidange-pour-purgeur-permanent\/#breadcrumb"},"inLanguage":"fr-BE","potentialAction":[{"@type":"ReadAction","target":["https:\/\/www.stelrad.shop\/be-fr\/product\/tube-de-vidange-pour-purgeur-permanent\/"]}]},{"@type":"ImageObject","inLanguage":"fr-BE","@id":"https:\/\/www.stelrad.shop\/be-fr\/product\/tube-de-vidange-pour-purgeur-permanent\/#primaryimage","url":"https:\/\/www.stelrad.shop\/wp-content\/uploads\/T2154.jpg","contentUrl":"https:\/\/www.stelrad.shop\/wp-content\/uploads\/T2154.jpg","width":1772,"height":1772,"caption":"Entleerungsschlauch f\u00fcr Dauerentl\u00fcfter"},{"@type":"BreadcrumbList","@id":"https:\/\/www.stelrad.shop\/be-fr\/product\/tube-de-vidange-pour-purgeur-permanent\/#breadcrumb","itemListElement":[{"@type":"ListItem","position":1,"name":"Home","item":"https:\/\/www.stelrad.shop\/be-fr\/"},{"@type":"ListItem","position":2,"name":"Shop","item":"https:\/\/www.stelrad.shop\/fr\/magasin\/"},{"@type":"ListItem","position":3,"name":"Tube de vidange pour purgeur permanent (Pas pour ECO)"}]},{"@type":"WebSite","@id":"https:\/\/www.stelrad.shop\/be-fr\/#website","url":"https:\/\/www.stelrad.shop\/be-fr\/","name":"Stelrad Shop","description":"","publisher":{"@id":"https:\/\/www.stelrad.shop\/be-fr\/#organization"},"potentialAction":[{"@type":"SearchAction","target":{"@type":"EntryPoint","urlTemplate":"https:\/\/www.stelrad.shop\/be-fr\/?s={search_term_string}"},"query-input":{"@type":"PropertyValueSpecification","valueRequired":true,"valueName":"search_term_string"}}],"inLanguage":"fr-BE"},{"@type":"Organization","@id":"https:\/\/www.stelrad.shop\/be-fr\/#organization","name":"Stelrad","url":"https:\/\/www.stelrad.shop\/be-fr\/","logo":{"@type":"ImageObject","inLanguage":"fr-BE","@id":"https:\/\/www.stelrad.shop\/be-fr\/#\/schema\/logo\/image\/","url":"https:\/\/www.stelrad.shop\/wp-content\/uploads\/2019\/06\/logo.png","contentUrl":"https:\/\/www.stelrad.shop\/wp-content\/uploads\/2019\/06\/logo.png","width":46,"height":46,"caption":"Stelrad"},"image":{"@id":"https:\/\/www.stelrad.shop\/be-fr\/#\/schema\/logo\/image\/"}}]}},"_links":{"self":[{"href":"https:\/\/www.stelrad.shop\/be-fr\/wp-json\/wp\/v2\/product\/11957","targetHints":{"allow":["GET"]}}],"collection":[{"href":"https:\/\/www.stelrad.shop\/be-fr\/wp-json\/wp\/v2\/product"}],"about":[{"href":"https:\/\/www.stelrad.shop\/be-fr\/wp-json\/wp\/v2\/types\/product"}],"wp:featuredmedia":[{"embeddable":true,"href":"https:\/\/www.stelrad.shop\/be-fr\/wp-json\/wp\/v2\/media\/1484"}],"wp:attachment":[{"href":"https:\/\/www.stelrad.shop\/be-fr\/wp-json\/wp\/v2\/media?parent=11957"}],"wp:term":[{"taxonomy":"product_brand","embeddable":true,"href":"https:\/\/www.stelrad.shop\/be-fr\/wp-json\/wp\/v2\/product_brand?post=11957"},{"taxonomy":"product_cat","embeddable":true,"href":"https:\/\/www.stelrad.shop\/be-fr\/wp-json\/wp\/v2\/product_cat?post=11957"},{"taxonomy":"product_tag","embeddable":true,"href":"https:\/\/www.stelrad.shop\/be-fr\/wp-json\/wp\/v2\/product_tag?post=11957"},{"taxonomy":"media-category","embeddable":true,"href":"https:\/\/www.stelrad.shop\/be-fr\/wp-json\/wp\/v2\/media-category?post=11957"}],"curies":[{"name":"wp","href":"https:\/\/api.w.org\/{rel}","templated":true}]}}