{"id":11896,"date":"2025-10-08T09:20:30","date_gmt":"2025-10-08T07:20:30","guid":{"rendered":"https:\/\/www.stelrad.shop\/product\/porte-serviettes-magnetique-noir-laque\/"},"modified":"2025-10-08T09:20:30","modified_gmt":"2025-10-08T07:20:30","slug":"porte-serviettes-magnetique-noir-laque","status":"publish","type":"product","link":"https:\/\/www.stelrad.shop\/be-fr\/product\/porte-serviettes-magnetique-noir-laque\/","title":{"rendered":"Porte-serviettes magn\u00e9tique Noir laqu\u00e9"},"content":{"rendered":"<h3>Porte-serviettes magn\u00e9tique Noir laqu\u00e9<\/h3>\n<h3>Sans vis ni supports encombrants!<\/h3>\n<p>Magnifique porte-serviettes magn\u00e9tique de qualit\u00e9 pour nos radiateurs \u00e0 face plane et nos radiateurs design.<br \/>\nLe porte-serviettes magn\u00e9tique a un design moderne et classique et se distingue par son \u00e9l\u00e9gance simple et sa technique sans faille.<br \/>\nSon design \u00e9lanc\u00e9 s&rsquo;int\u00e8gre de mani\u00e8re contemporaine dans les salles de bains modernes.<br \/>\nLe porte-serviettes magn\u00e9tique est disponible en 2 longueurs : 442 &amp; 542 mm.<\/p>\n<p>&nbsp;<\/p>\n<p><strong>Informations techniques:<\/strong><\/p>\n<ul>\n<li>Mat\u00e9riau : m\u00e9tal\/plastique<\/li>\n<li>Finition : Laqu\u00e9 noir<\/li>\n<li>Capacit\u00e9 de charge: maximum 5 kg<\/li>\n<li>Fixation magn\u00e9tique<\/li>\n<li>Garantie d&rsquo;usine: 2 ans<\/li>\n<\/ul>\n","protected":false},"excerpt":{"rendered":"<p>Porte-serviettes magn\u00e9tique laqu\u00e9 noir<\/p>\n","protected":false},"featured_media":11103,"template":"","meta":[],"product_brand":[],"product_cat":[1504,1507,1508,1509,1489,1510,1495,1496,1505,1513,1494,1498,1492,1491,1499,1493,1506,1512,1497,1500,1511,1490,1501,1502,1503],"product_tag":[],"media-category":[1107,1265,1110,1111,1120,1125,1126,1132,1133,1134,1136,1137,1138,1140,1313,1142,1146,1147,1148,1149,1150,1151],"class_list":{"0":"post-11896","1":"product","2":"type-product","3":"status-publish","4":"has-post-thumbnail","6":"product_cat-almada","7":"product_cat-alu-simple-dry","8":"product_cat-alu-simple-fluid","9":"product_cat-alyne","10":"product_cat-barres-seche-serviette-be-fr","11":"product_cat-cloud","12":"product_cat-compact-planar","13":"product_cat-compact-style","14":"product_cat-horta-vertical","15":"product_cat-hygiene-planar","16":"product_cat-planar","17":"product_cat-planar-8","18":"product_cat-planar-eco","19":"product_cat-planar-slim-eco","20":"product_cat-planar-style-8","21":"product_cat-planar-style-eco","22":"product_cat-planar-vento","23":"product_cat-rayo","24":"product_cat-reno","25":"product_cat-vertex-plan","26":"product_cat-vertex-plan-e","27":"product_cat-vertex-slim","28":"product_cat-vertex-style","29":"product_cat-vertex-swing","30":"product_cat-vertex-tango","31":"pa_baulange-1514","32":"pa_baulange-1515","33":"media-category-almada","34":"media-category-cloud","35":"media-category-compact-planar","36":"media-category-compact-style","37":"media-category-horta-vertical","38":"media-category-hygiene-planar","39":"media-category-hygiene-planar-8","40":"media-category-planar","41":"media-category-planar-8","42":"media-category-planar-eco","43":"media-category-planar-slim-eco","44":"media-category-planar-style-8","45":"media-category-planar-style-eco","46":"media-category-planar-vento","47":"media-category-rayo","48":"media-category-reno-planar","49":"media-category-vertex-plan","50":"media-category-vertex-plan-e","51":"media-category-vertex-slim","52":"media-category-vertex-style","53":"media-category-vertex-swing","54":"media-category-vertex-tango","56":"first","57":"instock","58":"taxable","59":"shipping-taxable","60":"purchasable","61":"product-type-variable"},"yoast_head":"<!-- This site is optimized with the Yoast SEO plugin v26.8 - https:\/\/yoast.com\/product\/yoast-seo-wordpress\/ -->\n<title>Porte-serviettes magn\u00e9tique laqu\u00e9 noir |<\/title>\n<meta name=\"description\" content=\"Porte-serviettes magn\u00e9tique noir avec une capacit\u00e9 de charge maximale de 5 kg. \u00e0 utiliser avec des radiateurs \u00e0 front plat\" \/>\n<meta name=\"robots\" content=\"index, follow, max-snippet:-1, max-image-preview:large, max-video-preview:-1\" \/>\n<link rel=\"canonical\" href=\"https:\/\/www.stelrad.shop\/be-fr\/product\/porte-serviettes-magnetique-noir-laque\/\" \/>\n<meta property=\"og:locale\" content=\"fr_FR\" \/>\n<meta property=\"og:type\" content=\"article\" \/>\n<meta property=\"og:title\" content=\"Porte-serviettes magn\u00e9tique laqu\u00e9 noir |\" \/>\n<meta property=\"og:description\" content=\"Porte-serviettes magn\u00e9tique noir avec une capacit\u00e9 de charge maximale de 5 kg. \u00e0 utiliser avec des radiateurs \u00e0 front plat\" \/>\n<meta property=\"og:url\" content=\"https:\/\/www.stelrad.shop\/be-fr\/product\/porte-serviettes-magnetique-noir-laque\/\" \/>\n<meta property=\"og:site_name\" content=\"Stelrad Shop\" \/>\n<meta name=\"twitter:card\" content=\"summary_large_image\" \/>\n<script type=\"application\/ld+json\" class=\"yoast-schema-graph\">{\"@context\":\"https:\/\/schema.org\",\"@graph\":[{\"@type\":\"WebPage\",\"@id\":\"https:\/\/www.stelrad.shop\/be-fr\/product\/porte-serviettes-magnetique-noir-laque\/\",\"url\":\"https:\/\/www.stelrad.shop\/be-fr\/product\/porte-serviettes-magnetique-noir-laque\/\",\"name\":\"Porte-serviettes magn\u00e9tique laqu\u00e9 noir |\",\"isPartOf\":{\"@id\":\"https:\/\/www.stelrad.shop\/be-fr\/#website\"},\"primaryImageOfPage\":{\"@id\":\"https:\/\/www.stelrad.shop\/be-fr\/product\/porte-serviettes-magnetique-noir-laque\/#primaryimage\"},\"image\":{\"@id\":\"https:\/\/www.stelrad.shop\/be-fr\/product\/porte-serviettes-magnetique-noir-laque\/#primaryimage\"},\"thumbnailUrl\":\"https:\/\/www.stelrad.shop\/wp-content\/uploads\/T1168LL.jpg\",\"datePublished\":\"2025-10-08T07:20:30+00:00\",\"description\":\"Porte-serviettes magn\u00e9tique noir avec une capacit\u00e9 de charge maximale de 5 kg. \u00e0 utiliser avec des radiateurs \u00e0 front plat\",\"breadcrumb\":{\"@id\":\"https:\/\/www.stelrad.shop\/be-fr\/product\/porte-serviettes-magnetique-noir-laque\/#breadcrumb\"},\"inLanguage\":\"fr-BE\",\"potentialAction\":[{\"@type\":\"ReadAction\",\"target\":[\"https:\/\/www.stelrad.shop\/be-fr\/product\/porte-serviettes-magnetique-noir-laque\/\"]}]},{\"@type\":\"ImageObject\",\"inLanguage\":\"fr-BE\",\"@id\":\"https:\/\/www.stelrad.shop\/be-fr\/product\/porte-serviettes-magnetique-noir-laque\/#primaryimage\",\"url\":\"https:\/\/www.stelrad.shop\/wp-content\/uploads\/T1168LL.jpg\",\"contentUrl\":\"https:\/\/www.stelrad.shop\/wp-content\/uploads\/T1168LL.jpg\",\"width\":8000,\"height\":8000},{\"@type\":\"BreadcrumbList\",\"@id\":\"https:\/\/www.stelrad.shop\/be-fr\/product\/porte-serviettes-magnetique-noir-laque\/#breadcrumb\",\"itemListElement\":[{\"@type\":\"ListItem\",\"position\":1,\"name\":\"Home\",\"item\":\"https:\/\/www.stelrad.shop\/be-fr\/\"},{\"@type\":\"ListItem\",\"position\":2,\"name\":\"Shop\",\"item\":\"https:\/\/www.stelrad.shop\/fr\/magasin\/\"},{\"@type\":\"ListItem\",\"position\":3,\"name\":\"Porte-serviettes magn\u00e9tique Noir laqu\u00e9\"}]},{\"@type\":\"WebSite\",\"@id\":\"https:\/\/www.stelrad.shop\/be-fr\/#website\",\"url\":\"https:\/\/www.stelrad.shop\/be-fr\/\",\"name\":\"Stelrad Shop\",\"description\":\"\",\"publisher\":{\"@id\":\"https:\/\/www.stelrad.shop\/be-fr\/#organization\"},\"potentialAction\":[{\"@type\":\"SearchAction\",\"target\":{\"@type\":\"EntryPoint\",\"urlTemplate\":\"https:\/\/www.stelrad.shop\/be-fr\/?s={search_term_string}\"},\"query-input\":{\"@type\":\"PropertyValueSpecification\",\"valueRequired\":true,\"valueName\":\"search_term_string\"}}],\"inLanguage\":\"fr-BE\"},{\"@type\":\"Organization\",\"@id\":\"https:\/\/www.stelrad.shop\/be-fr\/#organization\",\"name\":\"Stelrad\",\"url\":\"https:\/\/www.stelrad.shop\/be-fr\/\",\"logo\":{\"@type\":\"ImageObject\",\"inLanguage\":\"fr-BE\",\"@id\":\"https:\/\/www.stelrad.shop\/be-fr\/#\/schema\/logo\/image\/\",\"url\":\"https:\/\/www.stelrad.shop\/wp-content\/uploads\/2019\/06\/logo.png\",\"contentUrl\":\"https:\/\/www.stelrad.shop\/wp-content\/uploads\/2019\/06\/logo.png\",\"width\":46,\"height\":46,\"caption\":\"Stelrad\"},\"image\":{\"@id\":\"https:\/\/www.stelrad.shop\/be-fr\/#\/schema\/logo\/image\/\"}}]}<\/script>\n<!-- \/ Yoast SEO plugin. -->","yoast_head_json":{"title":"Porte-serviettes magn\u00e9tique laqu\u00e9 noir |","description":"Porte-serviettes magn\u00e9tique noir avec une capacit\u00e9 de charge maximale de 5 kg. \u00e0 utiliser avec des radiateurs \u00e0 front plat","robots":{"index":"index","follow":"follow","max-snippet":"max-snippet:-1","max-image-preview":"max-image-preview:large","max-video-preview":"max-video-preview:-1"},"canonical":"https:\/\/www.stelrad.shop\/be-fr\/product\/porte-serviettes-magnetique-noir-laque\/","og_locale":"fr_FR","og_type":"article","og_title":"Porte-serviettes magn\u00e9tique laqu\u00e9 noir |","og_description":"Porte-serviettes magn\u00e9tique noir avec une capacit\u00e9 de charge maximale de 5 kg. \u00e0 utiliser avec des radiateurs \u00e0 front plat","og_url":"https:\/\/www.stelrad.shop\/be-fr\/product\/porte-serviettes-magnetique-noir-laque\/","og_site_name":"Stelrad Shop","twitter_card":"summary_large_image","schema":{"@context":"https:\/\/schema.org","@graph":[{"@type":"WebPage","@id":"https:\/\/www.stelrad.shop\/be-fr\/product\/porte-serviettes-magnetique-noir-laque\/","url":"https:\/\/www.stelrad.shop\/be-fr\/product\/porte-serviettes-magnetique-noir-laque\/","name":"Porte-serviettes magn\u00e9tique laqu\u00e9 noir |","isPartOf":{"@id":"https:\/\/www.stelrad.shop\/be-fr\/#website"},"primaryImageOfPage":{"@id":"https:\/\/www.stelrad.shop\/be-fr\/product\/porte-serviettes-magnetique-noir-laque\/#primaryimage"},"image":{"@id":"https:\/\/www.stelrad.shop\/be-fr\/product\/porte-serviettes-magnetique-noir-laque\/#primaryimage"},"thumbnailUrl":"https:\/\/www.stelrad.shop\/wp-content\/uploads\/T1168LL.jpg","datePublished":"2025-10-08T07:20:30+00:00","description":"Porte-serviettes magn\u00e9tique noir avec une capacit\u00e9 de charge maximale de 5 kg. \u00e0 utiliser avec des radiateurs \u00e0 front plat","breadcrumb":{"@id":"https:\/\/www.stelrad.shop\/be-fr\/product\/porte-serviettes-magnetique-noir-laque\/#breadcrumb"},"inLanguage":"fr-BE","potentialAction":[{"@type":"ReadAction","target":["https:\/\/www.stelrad.shop\/be-fr\/product\/porte-serviettes-magnetique-noir-laque\/"]}]},{"@type":"ImageObject","inLanguage":"fr-BE","@id":"https:\/\/www.stelrad.shop\/be-fr\/product\/porte-serviettes-magnetique-noir-laque\/#primaryimage","url":"https:\/\/www.stelrad.shop\/wp-content\/uploads\/T1168LL.jpg","contentUrl":"https:\/\/www.stelrad.shop\/wp-content\/uploads\/T1168LL.jpg","width":8000,"height":8000},{"@type":"BreadcrumbList","@id":"https:\/\/www.stelrad.shop\/be-fr\/product\/porte-serviettes-magnetique-noir-laque\/#breadcrumb","itemListElement":[{"@type":"ListItem","position":1,"name":"Home","item":"https:\/\/www.stelrad.shop\/be-fr\/"},{"@type":"ListItem","position":2,"name":"Shop","item":"https:\/\/www.stelrad.shop\/fr\/magasin\/"},{"@type":"ListItem","position":3,"name":"Porte-serviettes magn\u00e9tique Noir laqu\u00e9"}]},{"@type":"WebSite","@id":"https:\/\/www.stelrad.shop\/be-fr\/#website","url":"https:\/\/www.stelrad.shop\/be-fr\/","name":"Stelrad Shop","description":"","publisher":{"@id":"https:\/\/www.stelrad.shop\/be-fr\/#organization"},"potentialAction":[{"@type":"SearchAction","target":{"@type":"EntryPoint","urlTemplate":"https:\/\/www.stelrad.shop\/be-fr\/?s={search_term_string}"},"query-input":{"@type":"PropertyValueSpecification","valueRequired":true,"valueName":"search_term_string"}}],"inLanguage":"fr-BE"},{"@type":"Organization","@id":"https:\/\/www.stelrad.shop\/be-fr\/#organization","name":"Stelrad","url":"https:\/\/www.stelrad.shop\/be-fr\/","logo":{"@type":"ImageObject","inLanguage":"fr-BE","@id":"https:\/\/www.stelrad.shop\/be-fr\/#\/schema\/logo\/image\/","url":"https:\/\/www.stelrad.shop\/wp-content\/uploads\/2019\/06\/logo.png","contentUrl":"https:\/\/www.stelrad.shop\/wp-content\/uploads\/2019\/06\/logo.png","width":46,"height":46,"caption":"Stelrad"},"image":{"@id":"https:\/\/www.stelrad.shop\/be-fr\/#\/schema\/logo\/image\/"}}]}},"_links":{"self":[{"href":"https:\/\/www.stelrad.shop\/be-fr\/wp-json\/wp\/v2\/product\/11896","targetHints":{"allow":["GET"]}}],"collection":[{"href":"https:\/\/www.stelrad.shop\/be-fr\/wp-json\/wp\/v2\/product"}],"about":[{"href":"https:\/\/www.stelrad.shop\/be-fr\/wp-json\/wp\/v2\/types\/product"}],"wp:featuredmedia":[{"embeddable":true,"href":"https:\/\/www.stelrad.shop\/be-fr\/wp-json\/wp\/v2\/media\/11103"}],"wp:attachment":[{"href":"https:\/\/www.stelrad.shop\/be-fr\/wp-json\/wp\/v2\/media?parent=11896"}],"wp:term":[{"taxonomy":"product_brand","embeddable":true,"href":"https:\/\/www.stelrad.shop\/be-fr\/wp-json\/wp\/v2\/product_brand?post=11896"},{"taxonomy":"product_cat","embeddable":true,"href":"https:\/\/www.stelrad.shop\/be-fr\/wp-json\/wp\/v2\/product_cat?post=11896"},{"taxonomy":"product_tag","embeddable":true,"href":"https:\/\/www.stelrad.shop\/be-fr\/wp-json\/wp\/v2\/product_tag?post=11896"},{"taxonomy":"media-category","embeddable":true,"href":"https:\/\/www.stelrad.shop\/be-fr\/wp-json\/wp\/v2\/media-category?post=11896"}],"curies":[{"name":"wp","href":"https:\/\/api.w.org\/{rel}","templated":true}]}}